{"id":845,"date":"2022-10-06T10:51:29","date_gmt":"2022-10-06T10:51:29","guid":{"rendered":"https:\/\/culturaenvena.org\/mir\/?page_id=845"},"modified":"2022-10-06T10:55:39","modified_gmt":"2022-10-06T10:55:39","slug":"creditos","status":"publish","type":"page","link":"https:\/\/culturaenvena.org\/mir\/creditos","title":{"rendered":"Cr\u00e9ditos"},"content":{"rendered":"\t\t<div data-elementor-type=\"wp-page\" data-elementor-id=\"845\" class=\"elementor elementor-845\">\n\t\t\t\t\t\t\t\t\t<section class=\"elementor-section elementor-top-section elementor-element elementor-element-588beb0 elementor-section-content-middle elementor-section-boxed elementor-section-height-default elementor-section-height-default\" data-id=\"588beb0\" data-element_type=\"section\" data-settings=\"{&quot;background_background&quot;:&quot;classic&quot;}\">\n\t\t\t\t\t\t<div class=\"elementor-container elementor-column-gap-default\">\n\t\t\t\t\t<div class=\"elementor-column elementor-col-100 elementor-top-column elementor-element elementor-element-6f6ca81\" data-id=\"6f6ca81\" data-element_type=\"column\">\n\t\t\t<div class=\"elementor-widget-wrap elementor-element-populated\">\n\t\t\t\t\t\t\t\t<section class=\"elementor-section elementor-inner-section elementor-element elementor-element-d2605fc elementor-section-content-middle elementor-section-boxed elementor-section-height-default elementor-section-height-default\" data-id=\"d2605fc\" data-element_type=\"section\">\n\t\t\t\t\t\t<div class=\"elementor-container elementor-column-gap-default\">\n\t\t\t\t\t<div class=\"elementor-column elementor-col-100 elementor-inner-column elementor-element elementor-element-ec3dd47\" data-id=\"ec3dd47\" data-element_type=\"column\" data-settings=\"{&quot;background_background&quot;:&quot;classic&quot;}\">\n\t\t\t<div class=\"elementor-widget-wrap elementor-element-populated\">\n\t\t\t\t\t\t\t\t<div class=\"elementor-element elementor-element-4659f63 elementor-widget__width-auto titulopagina elementor-widget elementor-widget-heading\" data-id=\"4659f63\" data-element_type=\"widget\" data-widget_type=\"heading.default\">\n\t\t\t\t<div class=\"elementor-widget-container\">\n\t\t\t<style>\/*! elementor - v3.13.3 - 22-05-2023 *\/\n.elementor-heading-title{padding:0;margin:0;line-height:1}.elementor-widget-heading .elementor-heading-title[class*=elementor-size-]>a{color:inherit;font-size:inherit;line-height:inherit}.elementor-widget-heading .elementor-heading-title.elementor-size-small{font-size:15px}.elementor-widget-heading .elementor-heading-title.elementor-size-medium{font-size:19px}.elementor-widget-heading .elementor-heading-title.elementor-size-large{font-size:29px}.elementor-widget-heading .elementor-heading-title.elementor-size-xl{font-size:39px}.elementor-widget-heading .elementor-heading-title.elementor-size-xxl{font-size:59px}<\/style><h1 class=\"elementor-heading-title elementor-size-default\">Cr\u00e9ditos<\/h1>\t\t<\/div>\n\t\t\t\t<\/div>\n\t\t\t\t\t<\/div>\n\t\t<\/div>\n\t\t\t\t\t\t\t<\/div>\n\t\t<\/section>\n\t\t\t\t\t<\/div>\n\t\t<\/div>\n\t\t\t\t\t\t\t<\/div>\n\t\t<\/section>\n\t\t\t\t<section class=\"elementor-section elementor-top-section elementor-element elementor-element-3fa08a4 elementor-section-boxed elementor-section-height-default elementor-section-height-default\" data-id=\"3fa08a4\" data-element_type=\"section\">\n\t\t\t\t\t\t<div class=\"elementor-container elementor-column-gap-default\">\n\t\t\t\t\t<div class=\"elementor-column elementor-col-100 elementor-top-column elementor-element elementor-element-61b2b60\" data-id=\"61b2b60\" data-element_type=\"column\">\n\t\t\t<div class=\"elementor-widget-wrap elementor-element-populated\">\n\t\t\t\t\t\t\t\t<section class=\"elementor-section elementor-inner-section elementor-element elementor-element-2fdd2ee elementor-section-boxed elementor-section-height-default elementor-section-height-default\" data-id=\"2fdd2ee\" data-element_type=\"section\">\n\t\t\t\t\t\t<div class=\"elementor-container elementor-column-gap-default\">\n\t\t\t\t\t<div class=\"elementor-column elementor-col-33 elementor-inner-column elementor-element elementor-element-df04a12\" data-id=\"df04a12\" data-element_type=\"column\">\n\t\t\t<div class=\"elementor-widget-wrap\">\n\t\t\t\t\t\t\t\t\t<\/div>\n\t\t<\/div>\n\t\t\t\t<div class=\"elementor-column elementor-col-66 elementor-inner-column elementor-element elementor-element-c38109d\" data-id=\"c38109d\" data-element_type=\"column\">\n\t\t\t<div class=\"elementor-widget-wrap elementor-element-populated\">\n\t\t\t\t\t\t\t\t<div class=\"elementor-element elementor-element-6658d09 elementor-widget__width-auto elementor-widget elementor-widget-heading\" data-id=\"6658d09\" data-element_type=\"widget\" data-widget_type=\"heading.default\">\n\t\t\t\t<div class=\"elementor-widget-container\">\n\t\t\t<h2 class=\"elementor-heading-title elementor-size-default\">Cr\u00e9ditos<\/h2>\t\t<\/div>\n\t\t\t\t<\/div>\n\t\t\t\t<div class=\"elementor-element elementor-element-d09288e elementor-widget elementor-widget-text-editor\" data-id=\"d09288e\" data-element_type=\"widget\" data-widget_type=\"text-editor.default\">\n\t\t\t\t<div class=\"elementor-widget-container\">\n\t\t\t<style>\/*! elementor - v3.13.3 - 22-05-2023 *\/\n.elementor-widget-text-editor.elementor-drop-cap-view-stacked .elementor-drop-cap{background-color:#69727d;color:#fff}.elementor-widget-text-editor.elementor-drop-cap-view-framed .elementor-drop-cap{color:#69727d;border:3px solid;background-color:transparent}.elementor-widget-text-editor:not(.elementor-drop-cap-view-default) .elementor-drop-cap{margin-top:8px}.elementor-widget-text-editor:not(.elementor-drop-cap-view-default) .elementor-drop-cap-letter{width:1em;height:1em}.elementor-widget-text-editor .elementor-drop-cap{float:left;text-align:center;line-height:1;font-size:50px}.elementor-widget-text-editor .elementor-drop-cap-letter{display:inline-block}<\/style>\t\t\t\t<p><strong>Fundaci\u00f3n Cultura en Vena<\/strong><\/p><p>Presidente y director general:<br \/>Juan Alberto Garc\u00eda de Cubas<\/p><p>Directora adjunta:<br \/>Marta Espin\u00f3s<\/p><p><strong>Hospital Universitario <\/strong><strong>12 de Octubre, Madrid<\/strong><\/p><p>Gerente:<br \/>Carmen Mart\u00ednez Pancorbo<\/p><p>Directora RSC (2016-2022):<br \/>Ana Mar\u00eda D\u00edaz-Oliver<\/p><p>Investigadores:<br \/>Dr. Jaime Alonso<br \/>Dr. Jes\u00fas Hern\u00e1ndez Gallego<br \/>Dr. Roberto Mart\u00edn Asenjo<br \/>Dr. Joaqu\u00edn Mart\u00ednez-L\u00f3pez<br \/>Dr. Juan Carlos Montejo<br \/>Dra. Carmen Mu\u00f1oz Ruiperez<br \/>Dra. Carmen Pall\u00e1s<br \/>Dr. Jes\u00fas Vara<br \/><strong>Desarrollo de Proyecto MIR <\/strong><strong>(2016-2019, Asociaci\u00f3n <\/strong><strong>M\u00fasica en Vena)<\/strong><\/p><p>Idea:<br \/>Marta Espin\u00f3s<br \/>Juan Alberto Garc\u00eda de Cubas<\/p><p>Direcci\u00f3n general:<br \/>Juan Alberto Garc\u00eda de Cubas<br \/>Direcci\u00f3n del proyecto:<br \/>Mar\u00eda Su\u00e1rez<\/p><p>Coordinaci\u00f3n y desarrollo:<br \/>Sara Berruezo<br \/>Juan Garc\u00eda Castell\u00f3<br \/>Ignacio Garc\u00eda Castell\u00f3<br \/>Qnarik Grigoryan<\/p><p>Comit\u00e9 Asesor:<br \/>Ana Mar\u00eda D\u00edaz-Oliver<br \/>Marta Espin\u00f3s<br \/>Cristina Ferriz<br \/>Yerko Iv\u00e1novic<br \/>Belinda S\u00e1nchez Mozo<br \/>Jos\u00e9 Luis Temes<\/p><p><strong>Libro Blanco MIR<\/strong><\/p><p>Direcci\u00f3n:<br \/>Marta Espin\u00f3s<br \/>Juan Alberto Garc\u00eda de Cubas<\/p><p>Redacci\u00f3n y coordinaci\u00f3n:<br \/>Salom\u00e9 Herce<\/p><p>Dise\u00f1o:<br \/>\u00c1ngel Rodr\u00edguez<\/p><p>Fotograf\u00edas de m\u00fasicos realizadas en la etapa de M\u00fasica en Vena:<\/p><p>\u00a9 Cultura en Vena<\/p><p>Textos:<\/p><p>\u00a9 Cultura en Vena<\/p><p>Esta publicaci\u00f3n se termin\u00f3 de editar en septiembre de 2022<\/p>\t\t\t\t\t\t<\/div>\n\t\t\t\t<\/div>\n\t\t\t\t\t<\/div>\n\t\t<\/div>\n\t\t\t\t\t\t\t<\/div>\n\t\t<\/section>\n\t\t\t\t\t<\/div>\n\t\t<\/div>\n\t\t\t\t\t\t\t<\/div>\n\t\t<\/section>\n\t\t\t\t\t\t\t<\/div>\n\t\t","protected":false},"excerpt":{"rendered":"<p>Cr\u00e9ditos Fundaci\u00f3n Cultura en Vena Presidente y director general:Juan Alberto Garc\u00eda de Cubas Directora adjunta:Marta Espin\u00f3s Hospital Universitario 12 de Octubre, Madrid Gerente:Carmen Mart\u00ednez Pancorbo Directora RSC (2016-2022):Ana Mar\u00eda D\u00edaz-Oliver Investigadores:Dr. Jaime AlonsoDr. Jes\u00fas Hern\u00e1ndez GallegoDr. Roberto Mart\u00edn AsenjoDr. Joaqu\u00edn Mart\u00ednez-L\u00f3pezDr. Juan Carlos MontejoDra. Carmen Mu\u00f1oz RuiperezDra. Carmen Pall\u00e1sDr. Jes\u00fas VaraDesarrollo de Proyecto MIR (2016-2019, [&hellip;]<\/p>\n","protected":false},"author":2,"featured_media":0,"parent":0,"menu_order":0,"comment_status":"closed","ping_status":"closed","template":"elementor_header_footer","meta":{"footnotes":""},"class_list":["post-845","page","type-page","status-publish","hentry"],"_links":{"self":[{"href":"https:\/\/culturaenvena.org\/mir\/wp-json\/wp\/v2\/pages\/845","targetHints":{"allow":["GET"]}}],"collection":[{"href":"https:\/\/culturaenvena.org\/mir\/wp-json\/wp\/v2\/pages"}],"about":[{"href":"https:\/\/culturaenvena.org\/mir\/wp-json\/wp\/v2\/types\/page"}],"author":[{"embeddable":true,"href":"https:\/\/culturaenvena.org\/mir\/wp-json\/wp\/v2\/users\/2"}],"replies":[{"embeddable":true,"href":"https:\/\/culturaenvena.org\/mir\/wp-json\/wp\/v2\/comments?post=845"}],"version-history":[{"count":4,"href":"https:\/\/culturaenvena.org\/mir\/wp-json\/wp\/v2\/pages\/845\/revisions"}],"predecessor-version":[{"id":849,"href":"https:\/\/culturaenvena.org\/mir\/wp-json\/wp\/v2\/pages\/845\/revisions\/849"}],"wp:attachment":[{"href":"https:\/\/culturaenvena.org\/mir\/wp-json\/wp\/v2\/media?parent=845"}],"curies":[{"name":"wp","href":"https:\/\/api.w.org\/{rel}","templated":true}]}}