{"id":50,"date":"2022-07-28T08:55:21","date_gmt":"2022-07-28T08:55:21","guid":{"rendered":"https:\/\/culturaenvena.org\/mir\/?page_id=50"},"modified":"2022-10-13T12:40:40","modified_gmt":"2022-10-13T12:40:40","slug":"conclusiones","status":"publish","type":"page","link":"https:\/\/culturaenvena.org\/mir\/siete-estudios-clinicos\/conclusiones","title":{"rendered":"Conclusiones"},"content":{"rendered":"\t\t<div data-elementor-type=\"wp-page\" data-elementor-id=\"50\" class=\"elementor elementor-50\">\n\t\t\t\t\t\t\t\t\t<section class=\"elementor-section elementor-top-section elementor-element elementor-element-56b5b8c0 elementor-section-content-middle elementor-section-boxed elementor-section-height-default elementor-section-height-default\" data-id=\"56b5b8c0\" data-element_type=\"section\" data-settings=\"{&quot;background_background&quot;:&quot;classic&quot;}\">\n\t\t\t\t\t\t<div class=\"elementor-container elementor-column-gap-default\">\n\t\t\t\t\t<div class=\"elementor-column elementor-col-100 elementor-top-column elementor-element elementor-element-9fbdf3f\" data-id=\"9fbdf3f\" data-element_type=\"column\">\n\t\t\t<div class=\"elementor-widget-wrap elementor-element-populated\">\n\t\t\t\t\t\t\t\t<section class=\"elementor-section elementor-inner-section elementor-element elementor-element-3c3edda5 elementor-section-content-middle elementor-section-boxed elementor-section-height-default elementor-section-height-default\" data-id=\"3c3edda5\" data-element_type=\"section\">\n\t\t\t\t\t\t<div class=\"elementor-container elementor-column-gap-default\">\n\t\t\t\t\t<div class=\"elementor-column elementor-col-33 elementor-inner-column elementor-element elementor-element-520b9e70\" data-id=\"520b9e70\" data-element_type=\"column\" data-settings=\"{&quot;background_background&quot;:&quot;classic&quot;}\">\n\t\t\t<div class=\"elementor-widget-wrap elementor-element-populated\">\n\t\t\t\t\t\t\t\t<div class=\"elementor-element elementor-element-23325f9c elementor-widget elementor-widget-heading\" data-id=\"23325f9c\" data-element_type=\"widget\" data-widget_type=\"heading.default\">\n\t\t\t\t<div class=\"elementor-widget-container\">\n\t\t\t<style>\/*! elementor - v3.13.3 - 22-05-2023 *\/\n.elementor-heading-title{padding:0;margin:0;line-height:1}.elementor-widget-heading .elementor-heading-title[class*=elementor-size-]>a{color:inherit;font-size:inherit;line-height:inherit}.elementor-widget-heading .elementor-heading-title.elementor-size-small{font-size:15px}.elementor-widget-heading .elementor-heading-title.elementor-size-medium{font-size:19px}.elementor-widget-heading .elementor-heading-title.elementor-size-large{font-size:29px}.elementor-widget-heading .elementor-heading-title.elementor-size-xl{font-size:39px}.elementor-widget-heading .elementor-heading-title.elementor-size-xxl{font-size:59px}<\/style><h2 class=\"elementor-heading-title elementor-size-default\">3<\/h2>\t\t<\/div>\n\t\t\t\t<\/div>\n\t\t\t\t\t<\/div>\n\t\t<\/div>\n\t\t\t\t<div class=\"elementor-column elementor-col-66 elementor-inner-column elementor-element elementor-element-34e7fea5\" data-id=\"34e7fea5\" data-element_type=\"column\" data-settings=\"{&quot;background_background&quot;:&quot;classic&quot;}\">\n\t\t\t<div class=\"elementor-widget-wrap elementor-element-populated\">\n\t\t\t\t\t\t\t\t<div class=\"elementor-element elementor-element-26cca5a0 elementor-widget__width-auto titulopagina elementor-widget elementor-widget-heading\" data-id=\"26cca5a0\" data-element_type=\"widget\" data-widget_type=\"heading.default\">\n\t\t\t\t<div class=\"elementor-widget-container\">\n\t\t\t<h1 class=\"elementor-heading-title elementor-size-default\">Siete estudios cl\u00ednicos<\/h1>\t\t<\/div>\n\t\t\t\t<\/div>\n\t\t\t\t\t<\/div>\n\t\t<\/div>\n\t\t\t\t\t\t\t<\/div>\n\t\t<\/section>\n\t\t\t\t\t<\/div>\n\t\t<\/div>\n\t\t\t\t\t\t\t<\/div>\n\t\t<\/section>\n\t\t\t\t<section class=\"elementor-section elementor-top-section elementor-element elementor-element-3e95b41d elementor-section-boxed elementor-section-height-default elementor-section-height-default\" data-id=\"3e95b41d\" data-element_type=\"section\">\n\t\t\t\t\t\t<div class=\"elementor-container elementor-column-gap-default\">\n\t\t\t\t\t<div class=\"elementor-column elementor-col-100 elementor-top-column elementor-element elementor-element-7985a06c\" data-id=\"7985a06c\" data-element_type=\"column\">\n\t\t\t<div class=\"elementor-widget-wrap elementor-element-populated\">\n\t\t\t\t\t\t\t\t<section class=\"elementor-section elementor-inner-section elementor-element elementor-element-14346043 elementor-section-boxed elementor-section-height-default elementor-section-height-default\" data-id=\"14346043\" data-element_type=\"section\">\n\t\t\t\t\t\t<div class=\"elementor-container elementor-column-gap-default\">\n\t\t\t\t\t<div class=\"elementor-column elementor-col-33 elementor-inner-column elementor-element elementor-element-2332f2c\" data-id=\"2332f2c\" data-element_type=\"column\">\n\t\t\t<div class=\"elementor-widget-wrap elementor-element-populated\">\n\t\t\t\t\t\t\t\t<div class=\"elementor-element elementor-element-488496f2 elementor-widget elementor-widget-heading\" data-id=\"488496f2\" data-element_type=\"widget\" data-widget_type=\"heading.default\">\n\t\t\t\t<div class=\"elementor-widget-container\">\n\t\t\t<h2 class=\"elementor-heading-title elementor-size-default\"><mark>SECCIONES<\/mark><\/h2>\t\t<\/div>\n\t\t\t\t<\/div>\n\t\t\t\t<div class=\"elementor-element elementor-element-47ad49e9 elementor-nav-menu--dropdown-none menusidebar elementor-nav-menu__align-left elementor-widget elementor-widget-nav-menu\" data-id=\"47ad49e9\" data-element_type=\"widget\" data-settings=\"{&quot;layout&quot;:&quot;vertical&quot;,&quot;submenu_icon&quot;:{&quot;value&quot;:&quot;&lt;i class=\\&quot;fas fa-caret-down\\&quot;&gt;&lt;\\\/i&gt;&quot;,&quot;library&quot;:&quot;fa-solid&quot;}}\" data-widget_type=\"nav-menu.default\">\n\t\t\t\t<div class=\"elementor-widget-container\">\n\t\t\t<link rel=\"stylesheet\" href=\"https:\/\/culturaenvena.org\/mir\/wp-content\/plugins\/elementor-pro\/assets\/css\/widget-nav-menu.min.css\">\t\t\t<nav migration_allowed=\"1\" migrated=\"0\" class=\"elementor-nav-menu--main elementor-nav-menu__container elementor-nav-menu--layout-vertical e--pointer-none\">\n\t\t\t\t<ul id=\"menu-1-47ad49e9\" class=\"elementor-nav-menu sm-vertical\"><li class=\"menu-item menu-item-type-post_type menu-item-object-page menu-item-65\"><a href=\"https:\/\/culturaenvena.org\/mir\/siete-estudios-clinicos\" class=\"elementor-item\">Siete estudios cl\u00ednicos<\/a><\/li>\n<li class=\"menu-item menu-item-type-post_type menu-item-object-page menu-item-73\"><a href=\"https:\/\/culturaenvena.org\/mir\/siete-estudios-clinicos\/servicio-de-medicina-intensiva\" class=\"elementor-item\">Servicio de Medicina Intensiva<\/a><\/li>\n<li class=\"menu-item menu-item-type-post_type menu-item-object-page menu-item-70\"><a href=\"https:\/\/culturaenvena.org\/mir\/siete-estudios-clinicos\/neonatologia\" class=\"elementor-item\">Neonatolog\u00eda<\/a><\/li>\n<li class=\"menu-item menu-item-type-post_type menu-item-object-page menu-item-72\"><a href=\"https:\/\/culturaenvena.org\/mir\/siete-estudios-clinicos\/rehabilitacion\" class=\"elementor-item\">Rehabilitaci\u00f3n<\/a><\/li>\n<li class=\"menu-item menu-item-type-post_type menu-item-object-page menu-item-68\"><a href=\"https:\/\/culturaenvena.org\/mir\/siete-estudios-clinicos\/hematologia\" class=\"elementor-item\">Hematolog\u00eda<\/a><\/li>\n<li class=\"menu-item menu-item-type-post_type menu-item-object-page menu-item-66\"><a href=\"https:\/\/culturaenvena.org\/mir\/siete-estudios-clinicos\/cardiologia\" class=\"elementor-item\">Cardiolog\u00eda<\/a><\/li>\n<li class=\"menu-item menu-item-type-post_type menu-item-object-page menu-item-71\"><a href=\"https:\/\/culturaenvena.org\/mir\/siete-estudios-clinicos\/neurologia\" class=\"elementor-item\">Neurolog\u00eda<\/a><\/li>\n<li class=\"menu-item menu-item-type-post_type menu-item-object-page menu-item-69\"><a href=\"https:\/\/culturaenvena.org\/mir\/siete-estudios-clinicos\/medicina-del-trabajo\" class=\"elementor-item\">Medicina del trabajo<\/a><\/li>\n<li class=\"menu-item menu-item-type-post_type menu-item-object-page menu-item-67\"><a href=\"https:\/\/culturaenvena.org\/mir\/siete-estudios-clinicos\/conclusiones\" class=\"elementor-item\">Conclusiones<\/a><\/li>\n<\/ul>\t\t\t<\/nav>\n\t\t\t\t\t<div class=\"elementor-menu-toggle\" role=\"button\" tabindex=\"0\" aria-label=\"Alternar men\u00fa\" aria-expanded=\"false\">\n\t\t\t<i aria-hidden=\"true\" role=\"presentation\" class=\"elementor-menu-toggle__icon--open eicon-menu-bar\"><\/i><i aria-hidden=\"true\" role=\"presentation\" class=\"elementor-menu-toggle__icon--close eicon-close\"><\/i>\t\t\t<span class=\"elementor-screen-only\">Men\u00fa<\/span>\n\t\t<\/div>\n\t\t\t<nav class=\"elementor-nav-menu--dropdown elementor-nav-menu__container\" aria-hidden=\"true\">\n\t\t\t\t<ul id=\"menu-2-47ad49e9\" class=\"elementor-nav-menu sm-vertical\"><li class=\"menu-item menu-item-type-post_type menu-item-object-page menu-item-65\"><a href=\"https:\/\/culturaenvena.org\/mir\/siete-estudios-clinicos\" class=\"elementor-item\" tabindex=\"-1\">Siete estudios cl\u00ednicos<\/a><\/li>\n<li class=\"menu-item menu-item-type-post_type menu-item-object-page menu-item-73\"><a href=\"https:\/\/culturaenvena.org\/mir\/siete-estudios-clinicos\/servicio-de-medicina-intensiva\" class=\"elementor-item\" tabindex=\"-1\">Servicio de Medicina Intensiva<\/a><\/li>\n<li class=\"menu-item menu-item-type-post_type menu-item-object-page menu-item-70\"><a href=\"https:\/\/culturaenvena.org\/mir\/siete-estudios-clinicos\/neonatologia\" class=\"elementor-item\" tabindex=\"-1\">Neonatolog\u00eda<\/a><\/li>\n<li class=\"menu-item menu-item-type-post_type menu-item-object-page menu-item-72\"><a href=\"https:\/\/culturaenvena.org\/mir\/siete-estudios-clinicos\/rehabilitacion\" class=\"elementor-item\" tabindex=\"-1\">Rehabilitaci\u00f3n<\/a><\/li>\n<li class=\"menu-item menu-item-type-post_type menu-item-object-page menu-item-68\"><a href=\"https:\/\/culturaenvena.org\/mir\/siete-estudios-clinicos\/hematologia\" class=\"elementor-item\" tabindex=\"-1\">Hematolog\u00eda<\/a><\/li>\n<li class=\"menu-item menu-item-type-post_type menu-item-object-page menu-item-66\"><a href=\"https:\/\/culturaenvena.org\/mir\/siete-estudios-clinicos\/cardiologia\" class=\"elementor-item\" tabindex=\"-1\">Cardiolog\u00eda<\/a><\/li>\n<li class=\"menu-item menu-item-type-post_type menu-item-object-page menu-item-71\"><a href=\"https:\/\/culturaenvena.org\/mir\/siete-estudios-clinicos\/neurologia\" class=\"elementor-item\" tabindex=\"-1\">Neurolog\u00eda<\/a><\/li>\n<li class=\"menu-item menu-item-type-post_type menu-item-object-page menu-item-69\"><a href=\"https:\/\/culturaenvena.org\/mir\/siete-estudios-clinicos\/medicina-del-trabajo\" class=\"elementor-item\" tabindex=\"-1\">Medicina del trabajo<\/a><\/li>\n<li class=\"menu-item menu-item-type-post_type menu-item-object-page menu-item-67\"><a href=\"https:\/\/culturaenvena.org\/mir\/siete-estudios-clinicos\/conclusiones\" class=\"elementor-item\" tabindex=\"-1\">Conclusiones<\/a><\/li>\n<\/ul>\t\t\t<\/nav>\n\t\t\t\t<\/div>\n\t\t\t\t<\/div>\n\t\t\t\t\t<\/div>\n\t\t<\/div>\n\t\t\t\t<div class=\"elementor-column elementor-col-66 elementor-inner-column elementor-element elementor-element-37c88a84\" data-id=\"37c88a84\" data-element_type=\"column\">\n\t\t\t<div class=\"elementor-widget-wrap elementor-element-populated\">\n\t\t\t\t\t\t\t\t<div class=\"elementor-element elementor-element-3692a15f elementor-widget__width-auto elementor-widget elementor-widget-heading\" data-id=\"3692a15f\" data-element_type=\"widget\" data-widget_type=\"heading.default\">\n\t\t\t\t<div class=\"elementor-widget-container\">\n\t\t\t<h2 class=\"elementor-heading-title elementor-size-default\">Conclusiones<\/h2>\t\t<\/div>\n\t\t\t\t<\/div>\n\t\t\t\t<div class=\"elementor-element elementor-element-a49552c elementor-widget elementor-widget-text-editor\" data-id=\"a49552c\" data-element_type=\"widget\" data-widget_type=\"text-editor.default\">\n\t\t\t\t<div class=\"elementor-widget-container\">\n\t\t\t<style>\/*! elementor - v3.13.3 - 22-05-2023 *\/\n.elementor-widget-text-editor.elementor-drop-cap-view-stacked .elementor-drop-cap{background-color:#69727d;color:#fff}.elementor-widget-text-editor.elementor-drop-cap-view-framed .elementor-drop-cap{color:#69727d;border:3px solid;background-color:transparent}.elementor-widget-text-editor:not(.elementor-drop-cap-view-default) .elementor-drop-cap{margin-top:8px}.elementor-widget-text-editor:not(.elementor-drop-cap-view-default) .elementor-drop-cap-letter{width:1em;height:1em}.elementor-widget-text-editor .elementor-drop-cap{float:left;text-align:center;line-height:1;font-size:50px}.elementor-widget-text-editor .elementor-drop-cap-letter{display:inline-block}<\/style>\t\t\t\t<p>Tras su primera implementaci\u00f3n, el Proyecto MIR ha podido constatar ampliamente sus objetivos generales: <span style=\"color: #000000;\"><mark>demostrar, desde la pr\u00e1ctica cl\u00ednica y art\u00edstica, el impacto beneficioso de la m\u00fasica en directo en determinado tipo de pacientes<\/mark><\/span>. Los dos colectivos profesionales implicados \u2014sanitarios y m\u00fasicos\u2014 consideran, en muy alto procentaje, que la m\u00fasica en directo es muy positiva para los pacientes, y la utilizar\u00edan habitualmente como pr\u00e1ctica complementaria a su trabajo. Desde el punto de vista psicosocial, los beneficios del Proyecto MIR en el bienestar de pacientes, familiares y profesionales han quedado claramente demostrados, cuesti\u00f3n que incide positivamente sobre la salud mental de todos los colectivos implicados.<\/p>\n<p>En cuanto a los datos de los estudios cient\u00edficos realizados, <mark>se hace evidente la necesidad de seguir investigando para poder arrojar resultados concluyentes<\/mark>, pues los datos obtenidos no confirman al 100% ese beneficio. Sin embargo, <mark>haber podido llevar a cabo el primer estudio cient\u00edfico de esta \u00edndole y magnitud, comprobar la impecable complementariedad de la m\u00fasica y la practica cl\u00ednica, y constatar el buen funcionamiento de las alianzas entre sector p\u00fablico, filantrop\u00eda privada y tercer sector, supone el pistoletazo de salida para implementarlo en nuestro pa\u00eds<\/mark>. Podemos afirmar que el verdadero valor a\u00f1adido del Proyecto MIR se basa en el \u00e9xito de estos tres pilares, y menos en las cifras concretas que puedan arrojar los estudios. Por otra parte, en los \u00faltimos a\u00f1os se ha publicado abundante literatura cient\u00edfica que avala los efectos positivos de la m\u00fasica en diferentes casos cl\u00ednicos \u2014incluida en las \u00faltimas directrices de la Organizaci\u00f3n Mundial de la Salud y de la Comisi\u00f3n Europea sobre arte y salud\u2014. Por tanto, <mark>el Proyecto MIR ya est\u00e1 preparado y legitimado para orientar su peso de la investigaci\u00f3n a la implementaci\u00f3n<\/mark>.<span class=\"Apple-converted-space\">&nbsp; &nbsp; &nbsp;<\/span><\/p>\n<p>Es crucial hacer un llamamiento a la colaboraci\u00f3n en red entre los sectores de la sanidad y la cultura por un objetivo com\u00fan: colocar la cultura como una herramienta m\u00e1s en la b\u00fasqueda de la salud y el bienestar de las personas. Desde Cultura en Vena trabajamos para articular y definir una necesidad sociosanitaria real que lleve a las instituciones a crear los marcos legislativos necesarios para que las pr\u00e1cticas art\u00edsticas se integren en los protocolos sanitarios como una realidad justificada, estable y duradera.<\/p>\n<p><mark>La cultura beneficia seriamente la salud<\/mark>.<\/p><p><br><\/p>\t\t\t\t\t\t<\/div>\n\t\t\t\t<\/div>\n\t\t\t\t\t<\/div>\n\t\t<\/div>\n\t\t\t\t\t\t\t<\/div>\n\t\t<\/section>\n\t\t\t\t\t<\/div>\n\t\t<\/div>\n\t\t\t\t\t\t\t<\/div>\n\t\t<\/section>\n\t\t\t\t\t\t\t<\/div>\n\t\t","protected":false},"excerpt":{"rendered":"<p>3 Siete estudios cl\u00ednicos SECCIONES Tras su primera implementaci\u00f3n, el Proyecto MIR ha podido constatar ampliamente sus objetivos generales: demostrar, desde la pr\u00e1ctica cl\u00ednica y art\u00edstica, el impacto beneficioso de la m\u00fasica en directo en determinado tipo de pacientes. Los dos colectivos profesionales implicados \u2014sanitarios y m\u00fasicos\u2014 consideran, en muy alto procentaje, que la m\u00fasica [&hellip;]<\/p>\n","protected":false},"author":2,"featured_media":0,"parent":34,"menu_order":0,"comment_status":"closed","ping_status":"closed","template":"elementor_header_footer","meta":{"footnotes":""},"class_list":["post-50","page","type-page","status-publish","hentry"],"_links":{"self":[{"href":"https:\/\/culturaenvena.org\/mir\/wp-json\/wp\/v2\/pages\/50","targetHints":{"allow":["GET"]}}],"collection":[{"href":"https:\/\/culturaenvena.org\/mir\/wp-json\/wp\/v2\/pages"}],"about":[{"href":"https:\/\/culturaenvena.org\/mir\/wp-json\/wp\/v2\/types\/page"}],"author":[{"embeddable":true,"href":"https:\/\/culturaenvena.org\/mir\/wp-json\/wp\/v2\/users\/2"}],"replies":[{"embeddable":true,"href":"https:\/\/culturaenvena.org\/mir\/wp-json\/wp\/v2\/comments?post=50"}],"version-history":[{"count":19,"href":"https:\/\/culturaenvena.org\/mir\/wp-json\/wp\/v2\/pages\/50\/revisions"}],"predecessor-version":[{"id":961,"href":"https:\/\/culturaenvena.org\/mir\/wp-json\/wp\/v2\/pages\/50\/revisions\/961"}],"up":[{"embeddable":true,"href":"https:\/\/culturaenvena.org\/mir\/wp-json\/wp\/v2\/pages\/34"}],"wp:attachment":[{"href":"https:\/\/culturaenvena.org\/mir\/wp-json\/wp\/v2\/media?parent=50"}],"curies":[{"name":"wp","href":"https:\/\/api.w.org\/{rel}","templated":true}]}}