{"id":427,"date":"2022-09-05T15:11:21","date_gmt":"2022-09-05T15:11:21","guid":{"rendered":"https:\/\/culturaenvena.org\/mir\/?page_id=427"},"modified":"2022-10-04T07:34:43","modified_gmt":"2022-10-04T07:34:43","slug":"avances-en-el-marco-institucional","status":"publish","type":"page","link":"https:\/\/culturaenvena.org\/mir\/el-hospital-del-futuro\/estado-del-arte\/avances-en-el-marco-institucional","title":{"rendered":"Avances en el marco institucional"},"content":{"rendered":"\t\t<div data-elementor-type=\"wp-page\" data-elementor-id=\"427\" class=\"elementor elementor-427\">\n\t\t\t\t\t\t\t\t\t<section class=\"elementor-section elementor-top-section elementor-element elementor-element-01f2307 elementor-section-content-middle elementor-section-boxed elementor-section-height-default elementor-section-height-default\" data-id=\"01f2307\" data-element_type=\"section\" data-settings=\"{&quot;background_background&quot;:&quot;classic&quot;}\">\n\t\t\t\t\t\t<div class=\"elementor-container elementor-column-gap-default\">\n\t\t\t\t\t<div class=\"elementor-column elementor-col-100 elementor-top-column elementor-element elementor-element-538ad72\" data-id=\"538ad72\" data-element_type=\"column\">\n\t\t\t<div class=\"elementor-widget-wrap elementor-element-populated\">\n\t\t\t\t\t\t\t\t<section class=\"elementor-section elementor-inner-section elementor-element elementor-element-759bc64 elementor-section-content-middle elementor-section-boxed elementor-section-height-default elementor-section-height-default\" data-id=\"759bc64\" data-element_type=\"section\">\n\t\t\t\t\t\t<div class=\"elementor-container elementor-column-gap-default\">\n\t\t\t\t\t<div class=\"elementor-column elementor-col-33 elementor-inner-column elementor-element elementor-element-2daf681\" data-id=\"2daf681\" data-element_type=\"column\" data-settings=\"{&quot;background_background&quot;:&quot;classic&quot;}\">\n\t\t\t<div class=\"elementor-widget-wrap elementor-element-populated\">\n\t\t\t\t\t\t\t\t<div class=\"elementor-element elementor-element-e6f51f7 elementor-widget elementor-widget-heading\" data-id=\"e6f51f7\" data-element_type=\"widget\" data-widget_type=\"heading.default\">\n\t\t\t\t<div class=\"elementor-widget-container\">\n\t\t\t<style>\/*! elementor - v3.13.3 - 22-05-2023 *\/\n.elementor-heading-title{padding:0;margin:0;line-height:1}.elementor-widget-heading .elementor-heading-title[class*=elementor-size-]>a{color:inherit;font-size:inherit;line-height:inherit}.elementor-widget-heading .elementor-heading-title.elementor-size-small{font-size:15px}.elementor-widget-heading .elementor-heading-title.elementor-size-medium{font-size:19px}.elementor-widget-heading .elementor-heading-title.elementor-size-large{font-size:29px}.elementor-widget-heading .elementor-heading-title.elementor-size-xl{font-size:39px}.elementor-widget-heading .elementor-heading-title.elementor-size-xxl{font-size:59px}<\/style><h2 class=\"elementor-heading-title elementor-size-default\">1<\/h2>\t\t<\/div>\n\t\t\t\t<\/div>\n\t\t\t\t\t<\/div>\n\t\t<\/div>\n\t\t\t\t<div class=\"elementor-column elementor-col-66 elementor-inner-column elementor-element elementor-element-22f9f9d\" data-id=\"22f9f9d\" data-element_type=\"column\" data-settings=\"{&quot;background_background&quot;:&quot;classic&quot;}\">\n\t\t\t<div class=\"elementor-widget-wrap elementor-element-populated\">\n\t\t\t\t\t\t\t\t<div class=\"elementor-element elementor-element-02b3658 elementor-widget__width-auto titulopagina elementor-widget elementor-widget-heading\" data-id=\"02b3658\" data-element_type=\"widget\" data-widget_type=\"heading.default\">\n\t\t\t\t<div class=\"elementor-widget-container\">\n\t\t\t<h1 class=\"elementor-heading-title elementor-size-default\">El hospital del futuro<\/h1>\t\t<\/div>\n\t\t\t\t<\/div>\n\t\t\t\t\t<\/div>\n\t\t<\/div>\n\t\t\t\t\t\t\t<\/div>\n\t\t<\/section>\n\t\t\t\t\t<\/div>\n\t\t<\/div>\n\t\t\t\t\t\t\t<\/div>\n\t\t<\/section>\n\t\t\t\t<section class=\"elementor-section elementor-top-section elementor-element elementor-element-3f0fb43 elementor-section-boxed elementor-section-height-default elementor-section-height-default\" data-id=\"3f0fb43\" data-element_type=\"section\">\n\t\t\t\t\t\t<div class=\"elementor-container elementor-column-gap-default\">\n\t\t\t\t\t<div class=\"elementor-column elementor-col-100 elementor-top-column elementor-element elementor-element-314eb81\" data-id=\"314eb81\" data-element_type=\"column\">\n\t\t\t<div class=\"elementor-widget-wrap elementor-element-populated\">\n\t\t\t\t\t\t\t\t<section class=\"elementor-section elementor-inner-section elementor-element elementor-element-d2661c0 elementor-section-boxed elementor-section-height-default elementor-section-height-default\" data-id=\"d2661c0\" data-element_type=\"section\">\n\t\t\t\t\t\t<div class=\"elementor-container elementor-column-gap-default\">\n\t\t\t\t\t<div class=\"elementor-column elementor-col-33 elementor-inner-column elementor-element elementor-element-c50a2be\" data-id=\"c50a2be\" data-element_type=\"column\">\n\t\t\t<div class=\"elementor-widget-wrap elementor-element-populated\">\n\t\t\t\t\t\t\t\t<div class=\"elementor-element elementor-element-5140808 elementor-widget elementor-widget-heading\" data-id=\"5140808\" data-element_type=\"widget\" data-widget_type=\"heading.default\">\n\t\t\t\t<div class=\"elementor-widget-container\">\n\t\t\t<h2 class=\"elementor-heading-title elementor-size-default\"><mark>SECCIONES<\/mark><\/h2>\t\t<\/div>\n\t\t\t\t<\/div>\n\t\t\t\t<div class=\"elementor-element elementor-element-a964267 elementor-nav-menu--dropdown-none menusidebar elementor-nav-menu__align-left elementor-widget elementor-widget-nav-menu\" data-id=\"a964267\" data-element_type=\"widget\" data-settings=\"{&quot;layout&quot;:&quot;vertical&quot;,&quot;submenu_icon&quot;:{&quot;value&quot;:&quot;&lt;i class=\\&quot;fas fa-caret-down\\&quot;&gt;&lt;\\\/i&gt;&quot;,&quot;library&quot;:&quot;fa-solid&quot;}}\" data-widget_type=\"nav-menu.default\">\n\t\t\t\t<div class=\"elementor-widget-container\">\n\t\t\t<link rel=\"stylesheet\" href=\"https:\/\/culturaenvena.org\/mir\/wp-content\/plugins\/elementor-pro\/assets\/css\/widget-nav-menu.min.css\">\t\t\t<nav migration_allowed=\"1\" migrated=\"0\" class=\"elementor-nav-menu--main elementor-nav-menu__container elementor-nav-menu--layout-vertical e--pointer-none\">\n\t\t\t\t<ul id=\"menu-1-a964267\" class=\"elementor-nav-menu sm-vertical\"><li class=\"menu-item menu-item-type-post_type menu-item-object-page menu-item-56\"><a href=\"https:\/\/culturaenvena.org\/mir\/el-hospital-del-futuro\" class=\"elementor-item\">El hospital del futuro<\/a><\/li>\n<li class=\"menu-item menu-item-type-post_type menu-item-object-page menu-item-57\"><a href=\"https:\/\/culturaenvena.org\/mir\/el-hospital-del-futuro\/estado-del-arte\" class=\"elementor-item\">Estado del Arte<\/a><\/li>\n<li class=\"menu-item menu-item-type-post_type menu-item-object-page menu-item-58\"><a href=\"https:\/\/culturaenvena.org\/mir\/el-hospital-del-futuro\/musica-y-salud-a-lo-largo-de-la-historia\" class=\"elementor-item\">M\u00fasica y salud a lo largo de la historia<\/a><\/li>\n<li class=\"menu-item menu-item-type-post_type menu-item-object-page menu-item-60\"><a href=\"https:\/\/culturaenvena.org\/mir\/el-hospital-del-futuro\/retos-actuales\" class=\"elementor-item\">Retos actuales<\/a><\/li>\n<li class=\"menu-item menu-item-type-post_type menu-item-object-page menu-item-59\"><a href=\"https:\/\/culturaenvena.org\/mir\/el-hospital-del-futuro\/principios-basicos-y-definiciones\" class=\"elementor-item\">Principios b\u00e1sicos y definiciones<\/a><\/li>\n<\/ul>\t\t\t<\/nav>\n\t\t\t\t\t<div class=\"elementor-menu-toggle\" role=\"button\" tabindex=\"0\" aria-label=\"Alternar men\u00fa\" aria-expanded=\"false\">\n\t\t\t<i aria-hidden=\"true\" role=\"presentation\" class=\"elementor-menu-toggle__icon--open eicon-menu-bar\"><\/i><i aria-hidden=\"true\" role=\"presentation\" class=\"elementor-menu-toggle__icon--close eicon-close\"><\/i>\t\t\t<span class=\"elementor-screen-only\">Men\u00fa<\/span>\n\t\t<\/div>\n\t\t\t<nav class=\"elementor-nav-menu--dropdown elementor-nav-menu__container\" aria-hidden=\"true\">\n\t\t\t\t<ul id=\"menu-2-a964267\" class=\"elementor-nav-menu sm-vertical\"><li class=\"menu-item menu-item-type-post_type menu-item-object-page menu-item-56\"><a href=\"https:\/\/culturaenvena.org\/mir\/el-hospital-del-futuro\" class=\"elementor-item\" tabindex=\"-1\">El hospital del futuro<\/a><\/li>\n<li class=\"menu-item menu-item-type-post_type menu-item-object-page menu-item-57\"><a href=\"https:\/\/culturaenvena.org\/mir\/el-hospital-del-futuro\/estado-del-arte\" class=\"elementor-item\" tabindex=\"-1\">Estado del Arte<\/a><\/li>\n<li class=\"menu-item menu-item-type-post_type menu-item-object-page menu-item-58\"><a href=\"https:\/\/culturaenvena.org\/mir\/el-hospital-del-futuro\/musica-y-salud-a-lo-largo-de-la-historia\" class=\"elementor-item\" tabindex=\"-1\">M\u00fasica y salud a lo largo de la historia<\/a><\/li>\n<li class=\"menu-item menu-item-type-post_type menu-item-object-page menu-item-60\"><a href=\"https:\/\/culturaenvena.org\/mir\/el-hospital-del-futuro\/retos-actuales\" class=\"elementor-item\" tabindex=\"-1\">Retos actuales<\/a><\/li>\n<li class=\"menu-item menu-item-type-post_type menu-item-object-page menu-item-59\"><a href=\"https:\/\/culturaenvena.org\/mir\/el-hospital-del-futuro\/principios-basicos-y-definiciones\" class=\"elementor-item\" tabindex=\"-1\">Principios b\u00e1sicos y definiciones<\/a><\/li>\n<\/ul>\t\t\t<\/nav>\n\t\t\t\t<\/div>\n\t\t\t\t<\/div>\n\t\t\t\t\t<\/div>\n\t\t<\/div>\n\t\t\t\t<div class=\"elementor-column elementor-col-66 elementor-inner-column elementor-element elementor-element-d9d1164\" data-id=\"d9d1164\" data-element_type=\"column\">\n\t\t\t<div class=\"elementor-widget-wrap elementor-element-populated\">\n\t\t\t\t\t\t\t\t<div class=\"elementor-element elementor-element-4697746 elementor-widget__width-auto elementor-widget elementor-widget-heading\" data-id=\"4697746\" data-element_type=\"widget\" data-widget_type=\"heading.default\">\n\t\t\t\t<div class=\"elementor-widget-container\">\n\t\t\t<h2 class=\"elementor-heading-title elementor-size-default\">Avances en el marco institucional<\/h2>\t\t<\/div>\n\t\t\t\t<\/div>\n\t\t\t\t<div class=\"elementor-element elementor-element-eeeed4e elementor-widget elementor-widget-text-editor\" data-id=\"eeeed4e\" data-element_type=\"widget\" data-widget_type=\"text-editor.default\">\n\t\t\t\t<div class=\"elementor-widget-container\">\n\t\t\t<style>\/*! elementor - v3.13.3 - 22-05-2023 *\/\n.elementor-widget-text-editor.elementor-drop-cap-view-stacked .elementor-drop-cap{background-color:#69727d;color:#fff}.elementor-widget-text-editor.elementor-drop-cap-view-framed .elementor-drop-cap{color:#69727d;border:3px solid;background-color:transparent}.elementor-widget-text-editor:not(.elementor-drop-cap-view-default) .elementor-drop-cap{margin-top:8px}.elementor-widget-text-editor:not(.elementor-drop-cap-view-default) .elementor-drop-cap-letter{width:1em;height:1em}.elementor-widget-text-editor .elementor-drop-cap{float:left;text-align:center;line-height:1;font-size:50px}.elementor-widget-text-editor .elementor-drop-cap-letter{display:inline-block}<\/style>\t\t\t\t<p>Para que el binomio cultura\/salud pueda ser sostenible y consolidarse, no basta con la \u00e9pica acci\u00f3n del tercer sector. Es necesario que desde las instituciones p\u00fablicas se creen los marcos adecuados para que esto se desarrolle. Desde finales de 2019 con la publicaci\u00f3n\u00a0 del <a href=\"https:\/\/www.ncbi.nlm.nih.gov\/books\/NBK553773\/\">documento de la OMS <\/a>hasta la publicaci\u00f3n de este documento se han acelerado procesos muy interesantes, como el ya mencionado de la <a href=\"https:\/\/www.senado.es\/legis14\/publicaciones\/pdf\/senado\/bocg\/BOCG_D_14_87_692.PDF\">declaraci\u00f3n institucional del Senado <\/a>en septiembre de 2020, al que se han sumado otros m\u00e1s recientes:<\/p><p><mark>Proyecto europeo <a href=\"https:\/\/www.cultureforhealth.eu\/\">Culture for Health<\/a>:<\/mark> se trata de un proyecto intersectorial y transeuropeo promovido por la Comisi\u00f3n Europea, con el objetivo de generar conocimientos y generar directrices pol\u00edticas sobre c\u00f3mo mejorar el bienestar y la salud a trav\u00e9s de la cultura. Varios\u00a0 de los proyectos impulsados por Cultura en Vena, como el Proyecto MIR, han sido incluidos en este marco europeo:<\/p><ul><li><a href=\"https:\/\/www.cultureforhealth.eu\/mapping\/culture-of-emergencies\/\">Cultura de Urgencias<\/a><\/li><li><a href=\"https:\/\/www.cultureforhealth.eu\/mapping\/goya-in-a-hospital\/\">\u00bfGoya en un hospital?<\/a><\/li><li><a href=\"https:\/\/www.cultureforhealth.eu\/mapping\/ambulatory-art-temporary-exhibitions-and-cultural-mediators-at-hospitals\/\">Arte Ambulatorio<\/a><\/li><li><a href=\"https:\/\/www.cultureforhealth.eu\/mapping\/internal-resident-musicians-irm\/\">M\u00fasicos Internos Residentes<\/a><\/li><\/ul><p>\u00a0<\/p><p><mark><a href=\"https:\/\/www.artshealthcc.org\/\">Centro colaborativo de arte y salud de la OMS<\/a>:<\/mark> creado en 2021, su objetivo es llevar a cabo investigaciones cient\u00edficas a nivel internacional sobre c\u00f3mo las artes, la cultura y el patrimonio afectan a la salud mental y f\u00edsica. Est\u00e1 trabajando con el ecosistema cultura\/salud para desarrollar pol\u00edticas de arte y salud a nivel mundial, y van a apoyar con formaci\u00f3n y recursos el desarrollo de este nuevo sector.<\/p>\t\t\t\t\t\t<\/div>\n\t\t\t\t<\/div>\n\t\t\t\t\t<\/div>\n\t\t<\/div>\n\t\t\t\t\t\t\t<\/div>\n\t\t<\/section>\n\t\t\t\t\t<\/div>\n\t\t<\/div>\n\t\t\t\t\t\t\t<\/div>\n\t\t<\/section>\n\t\t\t\t<section class=\"elementor-section elementor-top-section elementor-element elementor-element-61f4fd0 elementor-section-boxed elementor-section-height-default elementor-section-height-default\" data-id=\"61f4fd0\" data-element_type=\"section\">\n\t\t\t\t\t\t<div class=\"elementor-container elementor-column-gap-default\">\n\t\t\t\t\t<div class=\"elementor-column elementor-col-100 elementor-top-column elementor-element elementor-element-9815f1e\" data-id=\"9815f1e\" data-element_type=\"column\">\n\t\t\t<div class=\"elementor-widget-wrap elementor-element-populated\">\n\t\t\t\t\t\t\t\t<section class=\"elementor-section elementor-inner-section elementor-element elementor-element-dbbea24 elementor-section-boxed elementor-section-height-default elementor-section-height-default\" data-id=\"dbbea24\" data-element_type=\"section\" data-settings=\"{&quot;background_background&quot;:&quot;classic&quot;}\">\n\t\t\t\t\t\t<div class=\"elementor-container elementor-column-gap-default\">\n\t\t\t\t\t<div class=\"elementor-column elementor-col-100 elementor-inner-column elementor-element elementor-element-58ead43\" data-id=\"58ead43\" data-element_type=\"column\">\n\t\t\t<div class=\"elementor-widget-wrap elementor-element-populated\">\n\t\t\t\t\t\t\t\t<div class=\"elementor-element elementor-element-e175eac elementor-widget elementor-widget-heading\" data-id=\"e175eac\" data-element_type=\"widget\" data-widget_type=\"heading.default\">\n\t\t\t\t<div class=\"elementor-widget-container\">\n\t\t\t<h2 class=\"elementor-heading-title elementor-size-default\">En noviembre de 2019, la OMS publica un informe sin precedentes sobre al papel de las artes en la salud y el bienestar avalado por m\u00e1s de 3.000 estudios cl\u00ednicos.<\/h2>\t\t<\/div>\n\t\t\t\t<\/div>\n\t\t\t\t\t<\/div>\n\t\t<\/div>\n\t\t\t\t\t\t\t<\/div>\n\t\t<\/section>\n\t\t\t\t\t<\/div>\n\t\t<\/div>\n\t\t\t\t\t\t\t<\/div>\n\t\t<\/section>\n\t\t\t\t<section class=\"elementor-section elementor-top-section elementor-element elementor-element-7d62186 elementor-section-boxed elementor-section-height-default elementor-section-height-default\" data-id=\"7d62186\" data-element_type=\"section\">\n\t\t\t\t\t\t<div class=\"elementor-container elementor-column-gap-default\">\n\t\t\t\t\t<div class=\"elementor-column elementor-col-100 elementor-top-column elementor-element elementor-element-7a64388\" data-id=\"7a64388\" data-element_type=\"column\">\n\t\t\t<div class=\"elementor-widget-wrap elementor-element-populated\">\n\t\t\t\t\t\t\t\t<section class=\"elementor-section elementor-inner-section elementor-element elementor-element-b2515d6 elementor-section-boxed elementor-section-height-default elementor-section-height-default\" data-id=\"b2515d6\" data-element_type=\"section\">\n\t\t\t\t\t\t<div class=\"elementor-container elementor-column-gap-default\">\n\t\t\t\t\t<div class=\"elementor-column elementor-col-33 elementor-inner-column elementor-element elementor-element-2131f3d\" data-id=\"2131f3d\" data-element_type=\"column\">\n\t\t\t<div class=\"elementor-widget-wrap\">\n\t\t\t\t\t\t\t\t\t<\/div>\n\t\t<\/div>\n\t\t\t\t<div class=\"elementor-column elementor-col-66 elementor-inner-column elementor-element elementor-element-b371ab4\" data-id=\"b371ab4\" data-element_type=\"column\">\n\t\t\t<div class=\"elementor-widget-wrap elementor-element-populated\">\n\t\t\t\t\t\t\t\t<div class=\"elementor-element elementor-element-6d2de7d elementor-widget elementor-widget-text-editor\" data-id=\"6d2de7d\" data-element_type=\"widget\" data-widget_type=\"text-editor.default\">\n\t\t\t\t<div class=\"elementor-widget-container\">\n\t\t\t\t\t\t\t<p><mark>Arte, salud y Banco Interamericano de Desarrollo<\/mark>: En enero de 2022 vio la luz esta interesante publicaci\u00f3n titulada <a href=\"https:\/\/publications.iadb.org\/es\/como-sanar-un-mundo-herido-el-poder-del-arte-como-motor-de-transformacion-social-en-la-era\">C\u00f3mo sanar un mundo herido: el arte como motor de transformaci\u00f3n <\/a><em>\u00a0<\/em><a href=\"https:\/\/publications.iadb.org\/es\/como-sanar-un-mundo-herido-el-poder-del-arte-como-motor-de-transformacion-social-en-la-era\">social en la era pospand\u00e9mica<\/a>, liderada por el Banco Interamericano de Desarrollo. Unos meses despu\u00e9s tuvo lugar una jornada internacional sobre arte y salud en la que participamos desde Cultura en Vena y compartimos la experiencia del Proyecto MIR.<\/p><p><mark><a href=\"https:\/\/mediateca.asambleamadrid.es\/watch?id=NTJhZGRhZGYtNmU2YS00NTYxLWIyMGItOWI2MjJmMDllNDY2&amp;start=5554\">Comparecencia de Cultura en Vena en la Asamblea de Madrid <\/a><\/mark>para hablar de los proyectos en marcha sobre cultura y salud a todos los grupos pol\u00edticos representados.<\/p><p><mark><a href=\"https:\/\/grabaciones.parlamentodenavarra.es\/watch?id=M2Q1MWM4NzctZDVkMy00ODFmLTk2ZGYtOWFjNTNlMzQxMDAy&amp;start=338\">Comparecencia de Cultura en Vena en el Parlamento de Navarra <\/a><\/mark>tras aprobarse una moci\u00f3n (equivale a una PNL) para dar apoyo a pr\u00e1cticas art\u00edsticas en \u00e1mbitos sanitarios. Esto fue aprobado casi por unanimidad por parte de todos los partidos pol\u00edticos.<\/p><p>El 21 de junio de 2022, coincidiendo con el D\u00eda de la M\u00fasica, la presidenta del Congreso de los Diputados pronunci\u00f3 en nombre del Parlamento espa\u00f1ol esta <a href=\"https:\/\/www.youtube.com\/watch?v=XqvOkSPe9mw&amp;t=12s\">declaraci\u00f3n institucional<\/a>, que reconoce el papel de la m\u00fasica en la salud.<\/p>\t\t\t\t\t\t<\/div>\n\t\t\t\t<\/div>\n\t\t\t\t\t<\/div>\n\t\t<\/div>\n\t\t\t\t\t\t\t<\/div>\n\t\t<\/section>\n\t\t\t\t\t<\/div>\n\t\t<\/div>\n\t\t\t\t\t\t\t<\/div>\n\t\t<\/section>\n\t\t\t\t\t\t\t<\/div>\n\t\t","protected":false},"excerpt":{"rendered":"<p>1 El hospital del futuro SECCIONES Para que el binomio cultura\/salud pueda ser sostenible y consolidarse, no basta con la \u00e9pica acci\u00f3n del tercer sector. Es necesario que desde las instituciones p\u00fablicas se creen los marcos adecuados para que esto se desarrolle. Desde finales de 2019 con la publicaci\u00f3n\u00a0 del documento de la OMS hasta [&hellip;]<\/p>\n","protected":false},"author":2,"featured_media":0,"parent":18,"menu_order":0,"comment_status":"closed","ping_status":"closed","template":"elementor_header_footer","meta":{"footnotes":""},"class_list":["post-427","page","type-page","status-publish","hentry"],"_links":{"self":[{"href":"https:\/\/culturaenvena.org\/mir\/wp-json\/wp\/v2\/pages\/427","targetHints":{"allow":["GET"]}}],"collection":[{"href":"https:\/\/culturaenvena.org\/mir\/wp-json\/wp\/v2\/pages"}],"about":[{"href":"https:\/\/culturaenvena.org\/mir\/wp-json\/wp\/v2\/types\/page"}],"author":[{"embeddable":true,"href":"https:\/\/culturaenvena.org\/mir\/wp-json\/wp\/v2\/users\/2"}],"replies":[{"embeddable":true,"href":"https:\/\/culturaenvena.org\/mir\/wp-json\/wp\/v2\/comments?post=427"}],"version-history":[{"count":7,"href":"https:\/\/culturaenvena.org\/mir\/wp-json\/wp\/v2\/pages\/427\/revisions"}],"predecessor-version":[{"id":632,"href":"https:\/\/culturaenvena.org\/mir\/wp-json\/wp\/v2\/pages\/427\/revisions\/632"}],"up":[{"embeddable":true,"href":"https:\/\/culturaenvena.org\/mir\/wp-json\/wp\/v2\/pages\/18"}],"wp:attachment":[{"href":"https:\/\/culturaenvena.org\/mir\/wp-json\/wp\/v2\/media?parent=427"}],"curies":[{"name":"wp","href":"https:\/\/api.w.org\/{rel}","templated":true}]}}