{"id":34,"date":"2022-07-28T08:51:15","date_gmt":"2022-07-28T08:51:15","guid":{"rendered":"https:\/\/culturaenvena.org\/mir\/?page_id=34"},"modified":"2022-10-13T15:05:48","modified_gmt":"2022-10-13T15:05:48","slug":"siete-estudios-clinicos","status":"publish","type":"page","link":"https:\/\/culturaenvena.org\/mir\/siete-estudios-clinicos","title":{"rendered":"Siete estudios cl\u00ednicos"},"content":{"rendered":"\t\t<div data-elementor-type=\"wp-page\" data-elementor-id=\"34\" class=\"elementor elementor-34\">\n\t\t\t\t\t\t\t\t\t<section class=\"elementor-section elementor-top-section elementor-element elementor-element-a40a40f elementor-section-height-min-height elementor-section-content-middle elementor-section-boxed elementor-section-height-default elementor-section-items-middle\" data-id=\"a40a40f\" data-element_type=\"section\" data-settings=\"{&quot;background_background&quot;:&quot;classic&quot;}\">\n\t\t\t\t\t\t<div class=\"elementor-container elementor-column-gap-default\">\n\t\t\t\t\t<div class=\"elementor-column elementor-col-100 elementor-top-column elementor-element elementor-element-65b8072\" data-id=\"65b8072\" data-element_type=\"column\">\n\t\t\t<div class=\"elementor-widget-wrap elementor-element-populated\">\n\t\t\t\t\t\t\t\t<section class=\"elementor-section elementor-inner-section elementor-element elementor-element-384cfff elementor-section-content-middle elementor-section-boxed elementor-section-height-default elementor-section-height-default\" data-id=\"384cfff\" data-element_type=\"section\">\n\t\t\t\t\t\t<div class=\"elementor-container elementor-column-gap-default\">\n\t\t\t\t\t<div class=\"elementor-column elementor-col-33 elementor-inner-column elementor-element elementor-element-33728cd\" data-id=\"33728cd\" data-element_type=\"column\" data-settings=\"{&quot;background_background&quot;:&quot;classic&quot;}\">\n\t\t\t<div class=\"elementor-widget-wrap elementor-element-populated\">\n\t\t\t\t\t\t\t\t<div class=\"elementor-element elementor-element-342b0a7 elementor-widget elementor-widget-heading\" data-id=\"342b0a7\" data-element_type=\"widget\" data-widget_type=\"heading.default\">\n\t\t\t\t<div class=\"elementor-widget-container\">\n\t\t\t<style>\/*! elementor - v3.13.3 - 22-05-2023 *\/\n.elementor-heading-title{padding:0;margin:0;line-height:1}.elementor-widget-heading .elementor-heading-title[class*=elementor-size-]>a{color:inherit;font-size:inherit;line-height:inherit}.elementor-widget-heading .elementor-heading-title.elementor-size-small{font-size:15px}.elementor-widget-heading .elementor-heading-title.elementor-size-medium{font-size:19px}.elementor-widget-heading .elementor-heading-title.elementor-size-large{font-size:29px}.elementor-widget-heading .elementor-heading-title.elementor-size-xl{font-size:39px}.elementor-widget-heading .elementor-heading-title.elementor-size-xxl{font-size:59px}<\/style><h2 class=\"elementor-heading-title elementor-size-default\">3<\/h2>\t\t<\/div>\n\t\t\t\t<\/div>\n\t\t\t\t\t<\/div>\n\t\t<\/div>\n\t\t\t\t<div class=\"elementor-column elementor-col-66 elementor-inner-column elementor-element elementor-element-648682c\" data-id=\"648682c\" data-element_type=\"column\" data-settings=\"{&quot;background_background&quot;:&quot;classic&quot;}\">\n\t\t\t<div class=\"elementor-widget-wrap elementor-element-populated\">\n\t\t\t\t\t\t\t\t<div class=\"elementor-element elementor-element-4877763 elementor-widget__width-auto titulopagina elementor-widget elementor-widget-heading\" data-id=\"4877763\" data-element_type=\"widget\" data-widget_type=\"heading.default\">\n\t\t\t\t<div class=\"elementor-widget-container\">\n\t\t\t<h1 class=\"elementor-heading-title elementor-size-default\">Siete estudios cl\u00ednicos<\/h1>\t\t<\/div>\n\t\t\t\t<\/div>\n\t\t\t\t\t<\/div>\n\t\t<\/div>\n\t\t\t\t\t\t\t<\/div>\n\t\t<\/section>\n\t\t\t\t\t<\/div>\n\t\t<\/div>\n\t\t\t\t\t\t\t<\/div>\n\t\t<\/section>\n\t\t\t\t<section class=\"elementor-section elementor-top-section elementor-element elementor-element-8265e9e elementor-section-boxed elementor-section-height-default elementor-section-height-default\" data-id=\"8265e9e\" data-element_type=\"section\">\n\t\t\t\t\t\t<div class=\"elementor-container elementor-column-gap-default\">\n\t\t\t\t\t<div class=\"elementor-column elementor-col-100 elementor-top-column elementor-element elementor-element-60097a9\" data-id=\"60097a9\" data-element_type=\"column\">\n\t\t\t<div class=\"elementor-widget-wrap elementor-element-populated\">\n\t\t\t\t\t\t\t\t<div class=\"elementor-element elementor-element-3e58d5b elementor-absolute elementor-view-default elementor-widget elementor-widget-icon\" data-id=\"3e58d5b\" data-element_type=\"widget\" data-settings=\"{&quot;_position&quot;:&quot;absolute&quot;}\" data-widget_type=\"icon.default\">\n\t\t\t\t<div class=\"elementor-widget-container\">\n\t\t\t\t\t<div class=\"elementor-icon-wrapper\">\n\t\t\t<a class=\"elementor-icon\" href=\"#flechabajar\">\n\t\t\t<svg xmlns=\"http:\/\/www.w3.org\/2000\/svg\" id=\"Capa_1\" data-name=\"Capa 1\" viewBox=\"0 0 45.02 45.19\"><defs><style>.cls-arrow{fill:#fff;}.cls-arrow2{fill:none;stroke:#010101;stroke-width:0.58px;}<\/style><\/defs><title>flechadown<\/title><path class=\"cls-arrow\" d=\"M0,22.59a22.51,22.51,0,1,1,22.51,22.6A22.55,22.55,0,0,1,0,22.59\"><\/path><polygon class=\"cls-arrow2\" points=\"31.61 25.73 31.61 26.76 22.67 35.7 22.35 35.7 13.4 26.76 13.4 25.73 22.15 34.51 22.15 11.32 22.86 11.32 22.86 34.51 31.61 25.73\"><\/polygon><\/svg>\t\t\t<\/a>\n\t\t<\/div>\n\t\t\t\t<\/div>\n\t\t\t\t<\/div>\n\t\t\t\t\t<\/div>\n\t\t<\/div>\n\t\t\t\t\t\t\t<\/div>\n\t\t<\/section>\n\t\t\t\t<section class=\"elementor-section elementor-top-section elementor-element elementor-element-5895c9f elementor-section-boxed elementor-section-height-default elementor-section-height-default\" data-id=\"5895c9f\" data-element_type=\"section\" data-settings=\"{&quot;background_background&quot;:&quot;classic&quot;}\">\n\t\t\t\t\t\t<div class=\"elementor-container elementor-column-gap-default\">\n\t\t\t\t\t<div class=\"elementor-column elementor-col-100 elementor-top-column elementor-element elementor-element-b51fc2e\" data-id=\"b51fc2e\" data-element_type=\"column\">\n\t\t\t<div class=\"elementor-widget-wrap elementor-element-populated\">\n\t\t\t\t\t\t\t\t<div class=\"elementor-element elementor-element-e7d15e1 elementor-widget elementor-widget-heading\" data-id=\"e7d15e1\" data-element_type=\"widget\" data-widget_type=\"heading.default\">\n\t\t\t\t<div class=\"elementor-widget-container\">\n\t\t\t<h2 class=\"elementor-heading-title elementor-size-default\">Tras su primera implementaci\u00f3n, el Proyecto MIR ha podido constatar sus objetivos generales: demostrar, desde la pr\u00e1ctica cl\u00ednica y art\u00edstica, el impacto beneficioso de la m\u00fasica en directo en los pacientes. <\/h2>\t\t<\/div>\n\t\t\t\t<\/div>\n\t\t\t\t\t<\/div>\n\t\t<\/div>\n\t\t\t\t\t\t\t<\/div>\n\t\t<\/section>\n\t\t\t\t<section class=\"elementor-section elementor-top-section elementor-element elementor-element-23a29a2 elementor-section-boxed elementor-section-height-default elementor-section-height-default\" data-id=\"23a29a2\" data-element_type=\"section\" id=\"flechabajar\">\n\t\t\t\t\t\t<div class=\"elementor-container elementor-column-gap-default\">\n\t\t\t\t\t<div class=\"elementor-column elementor-col-100 elementor-top-column elementor-element elementor-element-61db252\" data-id=\"61db252\" data-element_type=\"column\">\n\t\t\t<div class=\"elementor-widget-wrap elementor-element-populated\">\n\t\t\t\t\t\t\t\t<section class=\"elementor-section elementor-inner-section elementor-element elementor-element-8fada99 elementor-section-boxed elementor-section-height-default elementor-section-height-default\" data-id=\"8fada99\" data-element_type=\"section\">\n\t\t\t\t\t\t<div class=\"elementor-container elementor-column-gap-default\">\n\t\t\t\t\t<div class=\"elementor-column elementor-col-33 elementor-inner-column elementor-element elementor-element-6c0bcd0\" data-id=\"6c0bcd0\" data-element_type=\"column\">\n\t\t\t<div class=\"elementor-widget-wrap elementor-element-populated\">\n\t\t\t\t\t\t\t\t<div class=\"elementor-element elementor-element-ffd9b83 elementor-widget elementor-widget-heading\" data-id=\"ffd9b83\" data-element_type=\"widget\" data-widget_type=\"heading.default\">\n\t\t\t\t<div class=\"elementor-widget-container\">\n\t\t\t<h2 class=\"elementor-heading-title elementor-size-default\"><mark>SECCIONES<\/mark><\/h2>\t\t<\/div>\n\t\t\t\t<\/div>\n\t\t\t\t<div class=\"elementor-element elementor-element-da08ea9 elementor-nav-menu--dropdown-none menusidebar elementor-nav-menu__align-left elementor-widget elementor-widget-nav-menu\" data-id=\"da08ea9\" data-element_type=\"widget\" data-settings=\"{&quot;layout&quot;:&quot;vertical&quot;,&quot;submenu_icon&quot;:{&quot;value&quot;:&quot;&lt;i class=\\&quot;fas fa-caret-down\\&quot;&gt;&lt;\\\/i&gt;&quot;,&quot;library&quot;:&quot;fa-solid&quot;}}\" data-widget_type=\"nav-menu.default\">\n\t\t\t\t<div class=\"elementor-widget-container\">\n\t\t\t<link rel=\"stylesheet\" href=\"https:\/\/culturaenvena.org\/mir\/wp-content\/plugins\/elementor-pro\/assets\/css\/widget-nav-menu.min.css\">\t\t\t<nav migration_allowed=\"1\" migrated=\"0\" class=\"elementor-nav-menu--main elementor-nav-menu__container elementor-nav-menu--layout-vertical e--pointer-none\">\n\t\t\t\t<ul id=\"menu-1-da08ea9\" class=\"elementor-nav-menu sm-vertical\"><li class=\"menu-item menu-item-type-post_type menu-item-object-page menu-item-65\"><a href=\"https:\/\/culturaenvena.org\/mir\/siete-estudios-clinicos\" class=\"elementor-item\">Siete estudios cl\u00ednicos<\/a><\/li>\n<li class=\"menu-item menu-item-type-post_type menu-item-object-page menu-item-73\"><a href=\"https:\/\/culturaenvena.org\/mir\/siete-estudios-clinicos\/servicio-de-medicina-intensiva\" class=\"elementor-item\">Servicio de Medicina Intensiva<\/a><\/li>\n<li class=\"menu-item menu-item-type-post_type menu-item-object-page menu-item-70\"><a href=\"https:\/\/culturaenvena.org\/mir\/siete-estudios-clinicos\/neonatologia\" class=\"elementor-item\">Neonatolog\u00eda<\/a><\/li>\n<li class=\"menu-item menu-item-type-post_type menu-item-object-page menu-item-72\"><a href=\"https:\/\/culturaenvena.org\/mir\/siete-estudios-clinicos\/rehabilitacion\" class=\"elementor-item\">Rehabilitaci\u00f3n<\/a><\/li>\n<li class=\"menu-item menu-item-type-post_type menu-item-object-page menu-item-68\"><a href=\"https:\/\/culturaenvena.org\/mir\/siete-estudios-clinicos\/hematologia\" class=\"elementor-item\">Hematolog\u00eda<\/a><\/li>\n<li class=\"menu-item menu-item-type-post_type menu-item-object-page menu-item-66\"><a href=\"https:\/\/culturaenvena.org\/mir\/siete-estudios-clinicos\/cardiologia\" class=\"elementor-item\">Cardiolog\u00eda<\/a><\/li>\n<li class=\"menu-item menu-item-type-post_type menu-item-object-page menu-item-71\"><a href=\"https:\/\/culturaenvena.org\/mir\/siete-estudios-clinicos\/neurologia\" class=\"elementor-item\">Neurolog\u00eda<\/a><\/li>\n<li class=\"menu-item menu-item-type-post_type menu-item-object-page menu-item-69\"><a href=\"https:\/\/culturaenvena.org\/mir\/siete-estudios-clinicos\/medicina-del-trabajo\" class=\"elementor-item\">Medicina del trabajo<\/a><\/li>\n<li class=\"menu-item menu-item-type-post_type menu-item-object-page menu-item-67\"><a href=\"https:\/\/culturaenvena.org\/mir\/siete-estudios-clinicos\/conclusiones\" class=\"elementor-item\">Conclusiones<\/a><\/li>\n<\/ul>\t\t\t<\/nav>\n\t\t\t\t\t<div class=\"elementor-menu-toggle\" role=\"button\" tabindex=\"0\" aria-label=\"Alternar men\u00fa\" aria-expanded=\"false\">\n\t\t\t<i aria-hidden=\"true\" role=\"presentation\" class=\"elementor-menu-toggle__icon--open eicon-menu-bar\"><\/i><i aria-hidden=\"true\" role=\"presentation\" class=\"elementor-menu-toggle__icon--close eicon-close\"><\/i>\t\t\t<span class=\"elementor-screen-only\">Men\u00fa<\/span>\n\t\t<\/div>\n\t\t\t<nav class=\"elementor-nav-menu--dropdown elementor-nav-menu__container\" aria-hidden=\"true\">\n\t\t\t\t<ul id=\"menu-2-da08ea9\" class=\"elementor-nav-menu sm-vertical\"><li class=\"menu-item menu-item-type-post_type menu-item-object-page menu-item-65\"><a href=\"https:\/\/culturaenvena.org\/mir\/siete-estudios-clinicos\" class=\"elementor-item\" tabindex=\"-1\">Siete estudios cl\u00ednicos<\/a><\/li>\n<li class=\"menu-item menu-item-type-post_type menu-item-object-page menu-item-73\"><a href=\"https:\/\/culturaenvena.org\/mir\/siete-estudios-clinicos\/servicio-de-medicina-intensiva\" class=\"elementor-item\" tabindex=\"-1\">Servicio de Medicina Intensiva<\/a><\/li>\n<li class=\"menu-item menu-item-type-post_type menu-item-object-page menu-item-70\"><a href=\"https:\/\/culturaenvena.org\/mir\/siete-estudios-clinicos\/neonatologia\" class=\"elementor-item\" tabindex=\"-1\">Neonatolog\u00eda<\/a><\/li>\n<li class=\"menu-item menu-item-type-post_type menu-item-object-page menu-item-72\"><a href=\"https:\/\/culturaenvena.org\/mir\/siete-estudios-clinicos\/rehabilitacion\" class=\"elementor-item\" tabindex=\"-1\">Rehabilitaci\u00f3n<\/a><\/li>\n<li class=\"menu-item menu-item-type-post_type menu-item-object-page menu-item-68\"><a href=\"https:\/\/culturaenvena.org\/mir\/siete-estudios-clinicos\/hematologia\" class=\"elementor-item\" tabindex=\"-1\">Hematolog\u00eda<\/a><\/li>\n<li class=\"menu-item menu-item-type-post_type menu-item-object-page menu-item-66\"><a href=\"https:\/\/culturaenvena.org\/mir\/siete-estudios-clinicos\/cardiologia\" class=\"elementor-item\" tabindex=\"-1\">Cardiolog\u00eda<\/a><\/li>\n<li class=\"menu-item menu-item-type-post_type menu-item-object-page menu-item-71\"><a href=\"https:\/\/culturaenvena.org\/mir\/siete-estudios-clinicos\/neurologia\" class=\"elementor-item\" tabindex=\"-1\">Neurolog\u00eda<\/a><\/li>\n<li class=\"menu-item menu-item-type-post_type menu-item-object-page menu-item-69\"><a href=\"https:\/\/culturaenvena.org\/mir\/siete-estudios-clinicos\/medicina-del-trabajo\" class=\"elementor-item\" tabindex=\"-1\">Medicina del trabajo<\/a><\/li>\n<li class=\"menu-item menu-item-type-post_type menu-item-object-page menu-item-67\"><a href=\"https:\/\/culturaenvena.org\/mir\/siete-estudios-clinicos\/conclusiones\" class=\"elementor-item\" tabindex=\"-1\">Conclusiones<\/a><\/li>\n<\/ul>\t\t\t<\/nav>\n\t\t\t\t<\/div>\n\t\t\t\t<\/div>\n\t\t\t\t\t<\/div>\n\t\t<\/div>\n\t\t\t\t<div class=\"elementor-column elementor-col-66 elementor-inner-column elementor-element elementor-element-903e7b6\" data-id=\"903e7b6\" data-element_type=\"column\">\n\t\t\t<div class=\"elementor-widget-wrap elementor-element-populated\">\n\t\t\t\t\t\t\t\t<div class=\"elementor-element elementor-element-cb27a70 elementor-widget elementor-widget-text-editor\" data-id=\"cb27a70\" data-element_type=\"widget\" data-widget_type=\"text-editor.default\">\n\t\t\t\t<div class=\"elementor-widget-container\">\n\t\t\t<style>\/*! elementor - v3.13.3 - 22-05-2023 *\/\n.elementor-widget-text-editor.elementor-drop-cap-view-stacked .elementor-drop-cap{background-color:#69727d;color:#fff}.elementor-widget-text-editor.elementor-drop-cap-view-framed .elementor-drop-cap{color:#69727d;border:3px solid;background-color:transparent}.elementor-widget-text-editor:not(.elementor-drop-cap-view-default) .elementor-drop-cap{margin-top:8px}.elementor-widget-text-editor:not(.elementor-drop-cap-view-default) .elementor-drop-cap-letter{width:1em;height:1em}.elementor-widget-text-editor .elementor-drop-cap{float:left;text-align:center;line-height:1;font-size:50px}.elementor-widget-text-editor .elementor-drop-cap-letter{display:inline-block}<\/style>\t\t\t\t<p>El proyecto MIR se inici\u00f3 en 2016 y culminaron en junio de 2019, bajo la direcci\u00f3n de Juan Alberto Garc\u00eda de Cubas en el contexto de M\u00fasica en Vena. <mark>Los estudios cient\u00edficos fueron dise\u00f1ados y realizados por diferentes investigadores principales del Hospital 12 de Octubre<\/mark>.&nbsp;<\/p><p>Con la presentaci\u00f3n de este libro blanco en octubre de 2022, Cultura en Vena se encargar\u00e1 de escalar e implementar la figura del M\u00fasico Interno Residente en los hospitales.<\/p>\n<p><span style=\"color: var( --e-global-color-ad2ae9e );\">Las encuestas realizadas hablan de alt\u00edsimos porcentajes de satisfacci\u00f3n entre pacientes, familiares y personal sanitario ante la presencia de m\u00fasica en directo en todas las unidades donde se realizan los estudios. En todos los casos, <mark>los \u00edndices de aceptaci\u00f3n y deseo de continuidad de la m\u00fasica en directo dentro de los diferentes servicios es cercano al 90 % de media<\/mark>.<\/span><br><\/p>\n<p>El proyecto de investigaci\u00f3n ha sido posible gracias al compromiso del Hospital 12 de Octubre y a la financiaci\u00f3n de la Fundaci\u00f3n Daniel y Nina Carasso, The Edmond de Rothschild Foundations y Fundaci\u00f3n Reale Seguros, con la colaboraci\u00f3n de la Fundaci\u00f3n SGAE (Sociedad General de Autores y Editores), Sociedad de Artistas Int\u00e9rpretes o Ejecutantes de Espa\u00f1a (AIE), as\u00ed como de la empresa Hinves Pianos.<\/p>\t\t\t\t\t\t<\/div>\n\t\t\t\t<\/div>\n\t\t\t\t\t<\/div>\n\t\t<\/div>\n\t\t\t\t\t\t\t<\/div>\n\t\t<\/section>\n\t\t\t\t\t<\/div>\n\t\t<\/div>\n\t\t\t\t\t\t\t<\/div>\n\t\t<\/section>\n\t\t\t\t\t\t\t<\/div>\n\t\t","protected":false},"excerpt":{"rendered":"<p>3 Siete estudios cl\u00ednicos flechadown Tras su primera implementaci\u00f3n, el Proyecto MIR ha podido constatar sus objetivos generales: demostrar, desde la pr\u00e1ctica cl\u00ednica y art\u00edstica, el impacto beneficioso de la m\u00fasica en directo en los pacientes. SECCIONES El proyecto MIR se inici\u00f3 en 2016 y culminaron en junio de 2019, bajo la direcci\u00f3n de Juan [&hellip;]<\/p>\n","protected":false},"author":2,"featured_media":0,"parent":0,"menu_order":0,"comment_status":"closed","ping_status":"closed","template":"elementor_header_footer","meta":{"footnotes":""},"class_list":["post-34","page","type-page","status-publish","hentry"],"_links":{"self":[{"href":"https:\/\/culturaenvena.org\/mir\/wp-json\/wp\/v2\/pages\/34","targetHints":{"allow":["GET"]}}],"collection":[{"href":"https:\/\/culturaenvena.org\/mir\/wp-json\/wp\/v2\/pages"}],"about":[{"href":"https:\/\/culturaenvena.org\/mir\/wp-json\/wp\/v2\/types\/page"}],"author":[{"embeddable":true,"href":"https:\/\/culturaenvena.org\/mir\/wp-json\/wp\/v2\/users\/2"}],"replies":[{"embeddable":true,"href":"https:\/\/culturaenvena.org\/mir\/wp-json\/wp\/v2\/comments?post=34"}],"version-history":[{"count":19,"href":"https:\/\/culturaenvena.org\/mir\/wp-json\/wp\/v2\/pages\/34\/revisions"}],"predecessor-version":[{"id":1022,"href":"https:\/\/culturaenvena.org\/mir\/wp-json\/wp\/v2\/pages\/34\/revisions\/1022"}],"wp:attachment":[{"href":"https:\/\/culturaenvena.org\/mir\/wp-json\/wp\/v2\/media?parent=34"}],"curies":[{"name":"wp","href":"https:\/\/api.w.org\/{rel}","templated":true}]}}