{"id":275,"date":"2022-07-28T13:19:15","date_gmt":"2022-07-28T13:19:15","guid":{"rendered":"https:\/\/culturaenvena.org\/mir\/?page_id=275"},"modified":"2022-09-13T09:28:30","modified_gmt":"2022-09-13T09:28:30","slug":"otras-iniciativas-hermanas","status":"publish","type":"page","link":"https:\/\/culturaenvena.org\/mir\/el-hospital-del-futuro\/estado-del-arte\/otras-iniciativas-hermanas","title":{"rendered":"Otras iniciativas hermanas"},"content":{"rendered":"\t\t<div data-elementor-type=\"wp-page\" data-elementor-id=\"275\" class=\"elementor elementor-275\">\n\t\t\t\t\t\t\t\t\t<section class=\"elementor-section elementor-top-section elementor-element elementor-element-6e14491 elementor-section-content-middle elementor-section-boxed elementor-section-height-default elementor-section-height-default\" data-id=\"6e14491\" data-element_type=\"section\" data-settings=\"{&quot;background_background&quot;:&quot;classic&quot;}\">\n\t\t\t\t\t\t<div class=\"elementor-container elementor-column-gap-default\">\n\t\t\t\t\t<div class=\"elementor-column elementor-col-100 elementor-top-column elementor-element elementor-element-2b92c9c\" data-id=\"2b92c9c\" data-element_type=\"column\">\n\t\t\t<div class=\"elementor-widget-wrap elementor-element-populated\">\n\t\t\t\t\t\t\t\t<section class=\"elementor-section elementor-inner-section elementor-element elementor-element-bdbed9f elementor-section-content-middle elementor-section-boxed elementor-section-height-default elementor-section-height-default\" data-id=\"bdbed9f\" data-element_type=\"section\">\n\t\t\t\t\t\t<div class=\"elementor-container elementor-column-gap-default\">\n\t\t\t\t\t<div class=\"elementor-column elementor-col-33 elementor-inner-column elementor-element elementor-element-7d3cedd\" data-id=\"7d3cedd\" data-element_type=\"column\" data-settings=\"{&quot;background_background&quot;:&quot;classic&quot;}\">\n\t\t\t<div class=\"elementor-widget-wrap elementor-element-populated\">\n\t\t\t\t\t\t\t\t<div class=\"elementor-element elementor-element-bc3e1af elementor-widget elementor-widget-heading\" data-id=\"bc3e1af\" data-element_type=\"widget\" data-widget_type=\"heading.default\">\n\t\t\t\t<div class=\"elementor-widget-container\">\n\t\t\t<style>\/*! elementor - v3.13.3 - 22-05-2023 *\/\n.elementor-heading-title{padding:0;margin:0;line-height:1}.elementor-widget-heading .elementor-heading-title[class*=elementor-size-]>a{color:inherit;font-size:inherit;line-height:inherit}.elementor-widget-heading .elementor-heading-title.elementor-size-small{font-size:15px}.elementor-widget-heading .elementor-heading-title.elementor-size-medium{font-size:19px}.elementor-widget-heading .elementor-heading-title.elementor-size-large{font-size:29px}.elementor-widget-heading .elementor-heading-title.elementor-size-xl{font-size:39px}.elementor-widget-heading .elementor-heading-title.elementor-size-xxl{font-size:59px}<\/style><h2 class=\"elementor-heading-title elementor-size-default\">1<\/h2>\t\t<\/div>\n\t\t\t\t<\/div>\n\t\t\t\t\t<\/div>\n\t\t<\/div>\n\t\t\t\t<div class=\"elementor-column elementor-col-66 elementor-inner-column elementor-element elementor-element-a6080cc\" data-id=\"a6080cc\" data-element_type=\"column\" data-settings=\"{&quot;background_background&quot;:&quot;classic&quot;}\">\n\t\t\t<div class=\"elementor-widget-wrap elementor-element-populated\">\n\t\t\t\t\t\t\t\t<div class=\"elementor-element elementor-element-0f414e2 elementor-widget__width-auto titulopagina elementor-widget elementor-widget-heading\" data-id=\"0f414e2\" data-element_type=\"widget\" data-widget_type=\"heading.default\">\n\t\t\t\t<div class=\"elementor-widget-container\">\n\t\t\t<h1 class=\"elementor-heading-title elementor-size-default\">El hospital del futuro<\/h1>\t\t<\/div>\n\t\t\t\t<\/div>\n\t\t\t\t\t<\/div>\n\t\t<\/div>\n\t\t\t\t\t\t\t<\/div>\n\t\t<\/section>\n\t\t\t\t\t<\/div>\n\t\t<\/div>\n\t\t\t\t\t\t\t<\/div>\n\t\t<\/section>\n\t\t\t\t<section class=\"elementor-section elementor-top-section elementor-element elementor-element-aa1cb71 elementor-section-boxed elementor-section-height-default elementor-section-height-default\" data-id=\"aa1cb71\" data-element_type=\"section\">\n\t\t\t\t\t\t<div class=\"elementor-container elementor-column-gap-default\">\n\t\t\t\t\t<div class=\"elementor-column elementor-col-100 elementor-top-column elementor-element elementor-element-1de8f73\" data-id=\"1de8f73\" data-element_type=\"column\">\n\t\t\t<div class=\"elementor-widget-wrap elementor-element-populated\">\n\t\t\t\t\t\t\t\t<section class=\"elementor-section elementor-inner-section elementor-element elementor-element-e71a18a elementor-section-boxed elementor-section-height-default elementor-section-height-default\" data-id=\"e71a18a\" data-element_type=\"section\">\n\t\t\t\t\t\t<div class=\"elementor-container elementor-column-gap-default\">\n\t\t\t\t\t<div class=\"elementor-column elementor-col-33 elementor-inner-column elementor-element elementor-element-75ad051\" data-id=\"75ad051\" data-element_type=\"column\">\n\t\t\t<div class=\"elementor-widget-wrap elementor-element-populated\">\n\t\t\t\t\t\t\t\t<div class=\"elementor-element elementor-element-d1191e8 elementor-widget elementor-widget-heading\" data-id=\"d1191e8\" data-element_type=\"widget\" data-widget_type=\"heading.default\">\n\t\t\t\t<div class=\"elementor-widget-container\">\n\t\t\t<h2 class=\"elementor-heading-title elementor-size-default\"><mark>SECCIONES<\/mark><\/h2>\t\t<\/div>\n\t\t\t\t<\/div>\n\t\t\t\t<div class=\"elementor-element elementor-element-9e748a7 elementor-nav-menu--dropdown-none menusidebar elementor-nav-menu__align-left elementor-widget elementor-widget-nav-menu\" data-id=\"9e748a7\" data-element_type=\"widget\" data-settings=\"{&quot;layout&quot;:&quot;vertical&quot;,&quot;submenu_icon&quot;:{&quot;value&quot;:&quot;&lt;i class=\\&quot;fas fa-caret-down\\&quot;&gt;&lt;\\\/i&gt;&quot;,&quot;library&quot;:&quot;fa-solid&quot;}}\" data-widget_type=\"nav-menu.default\">\n\t\t\t\t<div class=\"elementor-widget-container\">\n\t\t\t<link rel=\"stylesheet\" href=\"https:\/\/culturaenvena.org\/mir\/wp-content\/plugins\/elementor-pro\/assets\/css\/widget-nav-menu.min.css\">\t\t\t<nav migration_allowed=\"1\" migrated=\"0\" class=\"elementor-nav-menu--main elementor-nav-menu__container elementor-nav-menu--layout-vertical e--pointer-none\">\n\t\t\t\t<ul id=\"menu-1-9e748a7\" class=\"elementor-nav-menu sm-vertical\"><li class=\"menu-item menu-item-type-post_type menu-item-object-page menu-item-56\"><a href=\"https:\/\/culturaenvena.org\/mir\/el-hospital-del-futuro\" class=\"elementor-item\">El hospital del futuro<\/a><\/li>\n<li class=\"menu-item menu-item-type-post_type menu-item-object-page menu-item-57\"><a href=\"https:\/\/culturaenvena.org\/mir\/el-hospital-del-futuro\/estado-del-arte\" class=\"elementor-item\">Estado del Arte<\/a><\/li>\n<li class=\"menu-item menu-item-type-post_type menu-item-object-page menu-item-58\"><a href=\"https:\/\/culturaenvena.org\/mir\/el-hospital-del-futuro\/musica-y-salud-a-lo-largo-de-la-historia\" class=\"elementor-item\">M\u00fasica y salud a lo largo de la historia<\/a><\/li>\n<li class=\"menu-item menu-item-type-post_type menu-item-object-page menu-item-60\"><a href=\"https:\/\/culturaenvena.org\/mir\/el-hospital-del-futuro\/retos-actuales\" class=\"elementor-item\">Retos actuales<\/a><\/li>\n<li class=\"menu-item menu-item-type-post_type menu-item-object-page menu-item-59\"><a href=\"https:\/\/culturaenvena.org\/mir\/el-hospital-del-futuro\/principios-basicos-y-definiciones\" class=\"elementor-item\">Principios b\u00e1sicos y definiciones<\/a><\/li>\n<\/ul>\t\t\t<\/nav>\n\t\t\t\t\t<div class=\"elementor-menu-toggle\" role=\"button\" tabindex=\"0\" aria-label=\"Alternar men\u00fa\" aria-expanded=\"false\">\n\t\t\t<i aria-hidden=\"true\" role=\"presentation\" class=\"elementor-menu-toggle__icon--open eicon-menu-bar\"><\/i><i aria-hidden=\"true\" role=\"presentation\" class=\"elementor-menu-toggle__icon--close eicon-close\"><\/i>\t\t\t<span class=\"elementor-screen-only\">Men\u00fa<\/span>\n\t\t<\/div>\n\t\t\t<nav class=\"elementor-nav-menu--dropdown elementor-nav-menu__container\" aria-hidden=\"true\">\n\t\t\t\t<ul id=\"menu-2-9e748a7\" class=\"elementor-nav-menu sm-vertical\"><li class=\"menu-item menu-item-type-post_type menu-item-object-page menu-item-56\"><a href=\"https:\/\/culturaenvena.org\/mir\/el-hospital-del-futuro\" class=\"elementor-item\" tabindex=\"-1\">El hospital del futuro<\/a><\/li>\n<li class=\"menu-item menu-item-type-post_type menu-item-object-page menu-item-57\"><a href=\"https:\/\/culturaenvena.org\/mir\/el-hospital-del-futuro\/estado-del-arte\" class=\"elementor-item\" tabindex=\"-1\">Estado del Arte<\/a><\/li>\n<li class=\"menu-item menu-item-type-post_type menu-item-object-page menu-item-58\"><a href=\"https:\/\/culturaenvena.org\/mir\/el-hospital-del-futuro\/musica-y-salud-a-lo-largo-de-la-historia\" class=\"elementor-item\" tabindex=\"-1\">M\u00fasica y salud a lo largo de la historia<\/a><\/li>\n<li class=\"menu-item menu-item-type-post_type menu-item-object-page menu-item-60\"><a href=\"https:\/\/culturaenvena.org\/mir\/el-hospital-del-futuro\/retos-actuales\" class=\"elementor-item\" tabindex=\"-1\">Retos actuales<\/a><\/li>\n<li class=\"menu-item menu-item-type-post_type menu-item-object-page menu-item-59\"><a href=\"https:\/\/culturaenvena.org\/mir\/el-hospital-del-futuro\/principios-basicos-y-definiciones\" class=\"elementor-item\" tabindex=\"-1\">Principios b\u00e1sicos y definiciones<\/a><\/li>\n<\/ul>\t\t\t<\/nav>\n\t\t\t\t<\/div>\n\t\t\t\t<\/div>\n\t\t\t\t\t<\/div>\n\t\t<\/div>\n\t\t\t\t<div class=\"elementor-column elementor-col-66 elementor-inner-column elementor-element elementor-element-d4b6733\" data-id=\"d4b6733\" data-element_type=\"column\">\n\t\t\t<div class=\"elementor-widget-wrap elementor-element-populated\">\n\t\t\t\t\t\t\t\t<div class=\"elementor-element elementor-element-5726143 elementor-widget__width-auto elementor-widget elementor-widget-heading\" data-id=\"5726143\" data-element_type=\"widget\" data-widget_type=\"heading.default\">\n\t\t\t\t<div class=\"elementor-widget-container\">\n\t\t\t<h2 class=\"elementor-heading-title elementor-size-default\">Otras iniciativas hermanas<\/h2>\t\t<\/div>\n\t\t\t\t<\/div>\n\t\t\t\t<div class=\"elementor-element elementor-element-a0a8584 elementor-widget elementor-widget-text-editor\" data-id=\"a0a8584\" data-element_type=\"widget\" data-widget_type=\"text-editor.default\">\n\t\t\t\t<div class=\"elementor-widget-container\">\n\t\t\t<style>\/*! elementor - v3.13.3 - 22-05-2023 *\/\n.elementor-widget-text-editor.elementor-drop-cap-view-stacked .elementor-drop-cap{background-color:#69727d;color:#fff}.elementor-widget-text-editor.elementor-drop-cap-view-framed .elementor-drop-cap{color:#69727d;border:3px solid;background-color:transparent}.elementor-widget-text-editor:not(.elementor-drop-cap-view-default) .elementor-drop-cap{margin-top:8px}.elementor-widget-text-editor:not(.elementor-drop-cap-view-default) .elementor-drop-cap-letter{width:1em;height:1em}.elementor-widget-text-editor .elementor-drop-cap{float:left;text-align:center;line-height:1;font-size:50px}.elementor-widget-text-editor .elementor-drop-cap-letter{display:inline-block}<\/style>\t\t\t\t<p>Cada vez somos m\u00e1s entidades que trabajamos en la misma direcci\u00f3n, utilizando el arte y la cultura como herramienta para responder a las necesidades sociales y del \u00e1mbito de la salud. Desde Cultura en Vena queremos seguir tejiendo redes entre nosotras. A continuaci\u00f3n, presentamos algunas de estas otras iniciativas \u00abhermanas\u00bb, proyectos y organizaciones.<\/p><p><mark>M\u00fasica en Vena<\/mark><br \/><span style=\"text-decoration: underline;\">CU\u00c1NDO Y D\u00d3NDE<\/span> Creada en 2012 en Madrid, de \u00e1mbito nacional.<br \/><span style=\"text-decoration: underline;\">QU\u00c9<\/span> Hace llegar la m\u00fasica en directo de todos los g\u00e9neros a centros sanitarios.<\/p><p><mark>Musicians on call<\/mark><br \/><span style=\"text-decoration: underline;\">CU\u00c1NDO Y D\u00d3NDE<\/span> Nace en Nueva York en 1999.<br \/><span style=\"text-decoration: underline;\">QU\u00c9<\/span> Lleva m\u00fasica en vivo y grabada a las camas de los pacientes en centros sanitarios de todo Estados Unidos.<\/p><p><mark>Music in hospitals &amp; care<\/mark><br \/><span style=\"text-decoration: underline;\">CU\u00c1NDO Y D\u00d3NDE<\/span> Surge en 1948 a partir de la creaci\u00f3n del Consejo para la M\u00fasica en los Hospitales.<br \/><span style=\"text-decoration: underline;\">QU\u00c9<\/span> M\u00fasica en vivo a personas de todas las edades en hospitales y centros residenciales de Reino Unido.<\/p><p><mark>M\u00fasica para Despertar<\/mark><br \/><span style=\"text-decoration: underline;\">CU\u00c1NDO Y D\u00d3NDE<\/span> Nace en 2013 en Granada, con presencia nacional e internacional.<br \/><span style=\"text-decoration: underline;\">QU\u00c9<\/span> Difunde el poder de la m\u00fasica en personas enfermas de Alzh\u00e9imer.<\/p><p><mark>M\u00fasicos por la Salud<\/mark><br \/><span style=\"text-decoration: underline;\">CU\u00c1NDO Y D\u00d3NDE<\/span> Proyecto de la Fundaci\u00f3n Social District creado en 2015, de \u00e1mbito nacional<br \/><span style=\"text-decoration: underline;\">QU\u00c9<\/span> Microconciertos de m\u00fasica en directo en hospitales<\/p><p><mark>Live Music Now<\/mark><br \/><span style=\"text-decoration: underline;\">CU\u00c1NDO Y D\u00d3NDE<\/span> Fundada en 1977 por Yehudi Menuhin, uno de los mejores violinistas de todos los tiempos, que adem\u00e1s tuvo grandes inquietudes sociales.<br \/><span style=\"text-decoration: underline;\">QU\u00c9<\/span> M\u00fasica en directo en residencias de mayores, hospitales, escuelas, hospicios y todo tipo de entornos comunitarios en el Reino Unido.<\/p><p><mark>Asociaci\u00f3n M\u00fasica para Vivir<\/mark><br \/><span style=\"text-decoration: underline;\">CU\u00c1NDO Y D\u00d3NDE<\/span> Se crea en 2011 a caballo entre el Principado de Andorra y Nicaragua.<br \/><span style=\"text-decoration: underline;\">QU\u00c9<\/span> Mejorar la vida de ni\u00f1os y j\u00f3venes de Centroam\u00e9rica y Caribe a trav\u00e9s de la pr\u00e1ctica musical.<\/p><p><mark>M\u00fasica para el Autismo<\/mark><br \/><span style=\"text-decoration: underline;\">CU\u00c1NDO Y D\u00d3NDE<\/span> Constituida en 2013, con sede en Valencia.<br \/><span style=\"text-decoration: underline;\">QU\u00c9<\/span> Ayuda a personas con autismo a mejorar su desarrollo personal mediante la m\u00fasica y otras artes<\/p>\t\t\t\t\t\t<\/div>\n\t\t\t\t<\/div>\n\t\t\t\t\t<\/div>\n\t\t<\/div>\n\t\t\t\t\t\t\t<\/div>\n\t\t<\/section>\n\t\t\t\t\t<\/div>\n\t\t<\/div>\n\t\t\t\t\t\t\t<\/div>\n\t\t<\/section>\n\t\t\t\t\t\t\t<\/div>\n\t\t","protected":false},"excerpt":{"rendered":"<p>1 El hospital del futuro SECCIONES Cada vez somos m\u00e1s entidades que trabajamos en la misma direcci\u00f3n, utilizando el arte y la cultura como herramienta para responder a las necesidades sociales y del \u00e1mbito de la salud. Desde Cultura en Vena queremos seguir tejiendo redes entre nosotras. A continuaci\u00f3n, presentamos algunas de estas otras iniciativas [&hellip;]<\/p>\n","protected":false},"author":2,"featured_media":0,"parent":18,"menu_order":0,"comment_status":"closed","ping_status":"closed","template":"elementor_header_footer","meta":{"footnotes":""},"class_list":["post-275","page","type-page","status-publish","hentry"],"_links":{"self":[{"href":"https:\/\/culturaenvena.org\/mir\/wp-json\/wp\/v2\/pages\/275","targetHints":{"allow":["GET"]}}],"collection":[{"href":"https:\/\/culturaenvena.org\/mir\/wp-json\/wp\/v2\/pages"}],"about":[{"href":"https:\/\/culturaenvena.org\/mir\/wp-json\/wp\/v2\/types\/page"}],"author":[{"embeddable":true,"href":"https:\/\/culturaenvena.org\/mir\/wp-json\/wp\/v2\/users\/2"}],"replies":[{"embeddable":true,"href":"https:\/\/culturaenvena.org\/mir\/wp-json\/wp\/v2\/comments?post=275"}],"version-history":[{"count":10,"href":"https:\/\/culturaenvena.org\/mir\/wp-json\/wp\/v2\/pages\/275\/revisions"}],"predecessor-version":[{"id":507,"href":"https:\/\/culturaenvena.org\/mir\/wp-json\/wp\/v2\/pages\/275\/revisions\/507"}],"up":[{"embeddable":true,"href":"https:\/\/culturaenvena.org\/mir\/wp-json\/wp\/v2\/pages\/18"}],"wp:attachment":[{"href":"https:\/\/culturaenvena.org\/mir\/wp-json\/wp\/v2\/media?parent=275"}],"curies":[{"name":"wp","href":"https:\/\/api.w.org\/{rel}","templated":true}]}}