{"id":26,"date":"2022-07-28T08:50:11","date_gmt":"2022-07-28T08:50:11","guid":{"rendered":"https:\/\/culturaenvena.org\/mir\/?page_id=26"},"modified":"2022-10-13T14:57:48","modified_gmt":"2022-10-13T14:57:48","slug":"el-proyecto-mir","status":"publish","type":"page","link":"https:\/\/culturaenvena.org\/mir\/el-proyecto-mir","title":{"rendered":"El Proyecto MIR"},"content":{"rendered":"\t\t<div data-elementor-type=\"wp-page\" data-elementor-id=\"26\" class=\"elementor elementor-26\">\n\t\t\t\t\t\t\t\t\t<section class=\"elementor-section elementor-top-section elementor-element elementor-element-5495836 elementor-section-height-min-height elementor-section-content-middle elementor-section-boxed elementor-section-height-default elementor-section-items-middle\" data-id=\"5495836\" data-element_type=\"section\" data-settings=\"{&quot;background_background&quot;:&quot;classic&quot;}\">\n\t\t\t\t\t\t<div class=\"elementor-container elementor-column-gap-default\">\n\t\t\t\t\t<div class=\"elementor-column elementor-col-100 elementor-top-column elementor-element elementor-element-e08206d\" data-id=\"e08206d\" data-element_type=\"column\">\n\t\t\t<div class=\"elementor-widget-wrap elementor-element-populated\">\n\t\t\t\t\t\t\t\t<section class=\"elementor-section elementor-inner-section elementor-element elementor-element-c7fd20e elementor-section-content-middle elementor-section-boxed elementor-section-height-default elementor-section-height-default\" data-id=\"c7fd20e\" data-element_type=\"section\">\n\t\t\t\t\t\t<div class=\"elementor-container elementor-column-gap-default\">\n\t\t\t\t\t<div class=\"elementor-column elementor-col-33 elementor-inner-column elementor-element elementor-element-a3ab5d0\" data-id=\"a3ab5d0\" data-element_type=\"column\" data-settings=\"{&quot;background_background&quot;:&quot;classic&quot;}\">\n\t\t\t<div class=\"elementor-widget-wrap elementor-element-populated\">\n\t\t\t\t\t\t\t\t<div class=\"elementor-element elementor-element-1b5d48f elementor-widget elementor-widget-heading\" data-id=\"1b5d48f\" data-element_type=\"widget\" data-widget_type=\"heading.default\">\n\t\t\t\t<div class=\"elementor-widget-container\">\n\t\t\t<style>\/*! elementor - v3.13.3 - 22-05-2023 *\/\n.elementor-heading-title{padding:0;margin:0;line-height:1}.elementor-widget-heading .elementor-heading-title[class*=elementor-size-]>a{color:inherit;font-size:inherit;line-height:inherit}.elementor-widget-heading .elementor-heading-title.elementor-size-small{font-size:15px}.elementor-widget-heading .elementor-heading-title.elementor-size-medium{font-size:19px}.elementor-widget-heading .elementor-heading-title.elementor-size-large{font-size:29px}.elementor-widget-heading .elementor-heading-title.elementor-size-xl{font-size:39px}.elementor-widget-heading .elementor-heading-title.elementor-size-xxl{font-size:59px}<\/style><h2 class=\"elementor-heading-title elementor-size-default\">2<\/h2>\t\t<\/div>\n\t\t\t\t<\/div>\n\t\t\t\t\t<\/div>\n\t\t<\/div>\n\t\t\t\t<div class=\"elementor-column elementor-col-66 elementor-inner-column elementor-element elementor-element-6d462da\" data-id=\"6d462da\" data-element_type=\"column\" data-settings=\"{&quot;background_background&quot;:&quot;classic&quot;}\">\n\t\t\t<div class=\"elementor-widget-wrap elementor-element-populated\">\n\t\t\t\t\t\t\t\t<div class=\"elementor-element elementor-element-6521282 elementor-widget__width-auto titulopagina elementor-widget elementor-widget-heading\" data-id=\"6521282\" data-element_type=\"widget\" data-widget_type=\"heading.default\">\n\t\t\t\t<div class=\"elementor-widget-container\">\n\t\t\t<h1 class=\"elementor-heading-title elementor-size-default\">El proyecto MIR<\/h1>\t\t<\/div>\n\t\t\t\t<\/div>\n\t\t\t\t\t<\/div>\n\t\t<\/div>\n\t\t\t\t\t\t\t<\/div>\n\t\t<\/section>\n\t\t\t\t\t<\/div>\n\t\t<\/div>\n\t\t\t\t\t\t\t<\/div>\n\t\t<\/section>\n\t\t\t\t<section class=\"elementor-section elementor-top-section elementor-element elementor-element-ab99bb0 elementor-section-boxed elementor-section-height-default elementor-section-height-default\" data-id=\"ab99bb0\" data-element_type=\"section\">\n\t\t\t\t\t\t<div class=\"elementor-container elementor-column-gap-default\">\n\t\t\t\t\t<div class=\"elementor-column elementor-col-100 elementor-top-column elementor-element elementor-element-a3dbfb2\" data-id=\"a3dbfb2\" data-element_type=\"column\">\n\t\t\t<div class=\"elementor-widget-wrap elementor-element-populated\">\n\t\t\t\t\t\t\t\t<div class=\"elementor-element elementor-element-40ab789 elementor-absolute elementor-view-default elementor-widget elementor-widget-icon\" data-id=\"40ab789\" data-element_type=\"widget\" data-settings=\"{&quot;_position&quot;:&quot;absolute&quot;}\" data-widget_type=\"icon.default\">\n\t\t\t\t<div class=\"elementor-widget-container\">\n\t\t\t\t\t<div class=\"elementor-icon-wrapper\">\n\t\t\t<a class=\"elementor-icon\" href=\"#flechabajar\">\n\t\t\t<svg xmlns=\"http:\/\/www.w3.org\/2000\/svg\" id=\"Capa_1\" data-name=\"Capa 1\" viewBox=\"0 0 45.02 45.19\"><defs><style>.cls-arrow{fill:#fff;}.cls-arrow2{fill:none;stroke:#010101;stroke-width:0.58px;}<\/style><\/defs><title>flechadown<\/title><path class=\"cls-arrow\" d=\"M0,22.59a22.51,22.51,0,1,1,22.51,22.6A22.55,22.55,0,0,1,0,22.59\"><\/path><polygon class=\"cls-arrow2\" points=\"31.61 25.73 31.61 26.76 22.67 35.7 22.35 35.7 13.4 26.76 13.4 25.73 22.15 34.51 22.15 11.32 22.86 11.32 22.86 34.51 31.61 25.73\"><\/polygon><\/svg>\t\t\t<\/a>\n\t\t<\/div>\n\t\t\t\t<\/div>\n\t\t\t\t<\/div>\n\t\t\t\t\t<\/div>\n\t\t<\/div>\n\t\t\t\t\t\t\t<\/div>\n\t\t<\/section>\n\t\t\t\t<section class=\"elementor-section elementor-top-section elementor-element elementor-element-6dcdad1 elementor-section-boxed elementor-section-height-default elementor-section-height-default\" data-id=\"6dcdad1\" data-element_type=\"section\" data-settings=\"{&quot;background_background&quot;:&quot;classic&quot;}\">\n\t\t\t\t\t\t<div class=\"elementor-container elementor-column-gap-default\">\n\t\t\t\t\t<div class=\"elementor-column elementor-col-100 elementor-top-column elementor-element elementor-element-d2253a7\" data-id=\"d2253a7\" data-element_type=\"column\">\n\t\t\t<div class=\"elementor-widget-wrap elementor-element-populated\">\n\t\t\t\t\t\t\t\t<div class=\"elementor-element elementor-element-999b924 elementor-widget elementor-widget-heading\" data-id=\"999b924\" data-element_type=\"widget\" data-widget_type=\"heading.default\">\n\t\t\t\t<div class=\"elementor-widget-container\">\n\t\t\t<h2 class=\"elementor-heading-title elementor-size-default\">El Proyecto MIR \u2014M\u00fasicos Internos Residentes\u2014 de Cultura en Vena es un programa con triple impacto social: investigaci\u00f3n, humanizaci\u00f3n sanitaria y generaci\u00f3n de empleo entre j\u00f3venes m\u00fasicos. <br><\/h2>\t\t<\/div>\n\t\t\t\t<\/div>\n\t\t\t\t\t<\/div>\n\t\t<\/div>\n\t\t\t\t\t\t\t<\/div>\n\t\t<\/section>\n\t\t\t\t<section class=\"elementor-section elementor-top-section elementor-element elementor-element-b65c01a elementor-section-boxed elementor-section-height-default elementor-section-height-default\" data-id=\"b65c01a\" data-element_type=\"section\" id=\"flechabajar\">\n\t\t\t\t\t\t<div class=\"elementor-container elementor-column-gap-default\">\n\t\t\t\t\t<div class=\"elementor-column elementor-col-100 elementor-top-column elementor-element elementor-element-300fd4f\" data-id=\"300fd4f\" data-element_type=\"column\">\n\t\t\t<div class=\"elementor-widget-wrap elementor-element-populated\">\n\t\t\t\t\t\t\t\t<section class=\"elementor-section elementor-inner-section elementor-element elementor-element-8ed6601 elementor-section-boxed elementor-section-height-default elementor-section-height-default\" data-id=\"8ed6601\" data-element_type=\"section\">\n\t\t\t\t\t\t<div class=\"elementor-container elementor-column-gap-default\">\n\t\t\t\t\t<div class=\"elementor-column elementor-col-33 elementor-inner-column elementor-element elementor-element-9b2a624\" data-id=\"9b2a624\" data-element_type=\"column\">\n\t\t\t<div class=\"elementor-widget-wrap elementor-element-populated\">\n\t\t\t\t\t\t\t\t<div class=\"elementor-element elementor-element-f35fdbc elementor-widget elementor-widget-heading\" data-id=\"f35fdbc\" data-element_type=\"widget\" data-widget_type=\"heading.default\">\n\t\t\t\t<div class=\"elementor-widget-container\">\n\t\t\t<h2 class=\"elementor-heading-title elementor-size-default\"><mark>SECCIONES<\/mark><\/h2>\t\t<\/div>\n\t\t\t\t<\/div>\n\t\t\t\t<div class=\"elementor-element elementor-element-51c60c7 elementor-nav-menu--dropdown-none menusidebar elementor-nav-menu__align-left elementor-widget elementor-widget-nav-menu\" data-id=\"51c60c7\" data-element_type=\"widget\" data-settings=\"{&quot;layout&quot;:&quot;vertical&quot;,&quot;submenu_icon&quot;:{&quot;value&quot;:&quot;&lt;i class=\\&quot;fas fa-caret-down\\&quot;&gt;&lt;\\\/i&gt;&quot;,&quot;library&quot;:&quot;fa-solid&quot;}}\" data-widget_type=\"nav-menu.default\">\n\t\t\t\t<div class=\"elementor-widget-container\">\n\t\t\t<link rel=\"stylesheet\" href=\"https:\/\/culturaenvena.org\/mir\/wp-content\/plugins\/elementor-pro\/assets\/css\/widget-nav-menu.min.css\">\t\t\t<nav migration_allowed=\"1\" migrated=\"0\" class=\"elementor-nav-menu--main elementor-nav-menu__container elementor-nav-menu--layout-vertical e--pointer-none\">\n\t\t\t\t<ul id=\"menu-1-51c60c7\" class=\"elementor-nav-menu sm-vertical\"><li class=\"menu-item menu-item-type-post_type menu-item-object-page menu-item-61\"><a href=\"https:\/\/culturaenvena.org\/mir\/el-proyecto-mir\" class=\"elementor-item\">El Proyecto MIR<\/a><\/li>\n<li class=\"menu-item menu-item-type-post_type menu-item-object-page menu-item-64\"><a href=\"https:\/\/culturaenvena.org\/mir\/el-proyecto-mir\/planteamiento-y-objetivos\" class=\"elementor-item\">Planteamiento y objetivos<\/a><\/li>\n<li class=\"menu-item menu-item-type-post_type menu-item-object-page menu-item-63\"><a href=\"https:\/\/culturaenvena.org\/mir\/el-proyecto-mir\/metodologia\" class=\"elementor-item\">Metodolog\u00eda<\/a><\/li>\n<\/ul>\t\t\t<\/nav>\n\t\t\t\t\t<div class=\"elementor-menu-toggle\" role=\"button\" tabindex=\"0\" aria-label=\"Alternar men\u00fa\" aria-expanded=\"false\">\n\t\t\t<i aria-hidden=\"true\" role=\"presentation\" class=\"elementor-menu-toggle__icon--open eicon-menu-bar\"><\/i><i aria-hidden=\"true\" role=\"presentation\" class=\"elementor-menu-toggle__icon--close eicon-close\"><\/i>\t\t\t<span class=\"elementor-screen-only\">Men\u00fa<\/span>\n\t\t<\/div>\n\t\t\t<nav class=\"elementor-nav-menu--dropdown elementor-nav-menu__container\" aria-hidden=\"true\">\n\t\t\t\t<ul id=\"menu-2-51c60c7\" class=\"elementor-nav-menu sm-vertical\"><li class=\"menu-item menu-item-type-post_type menu-item-object-page menu-item-61\"><a href=\"https:\/\/culturaenvena.org\/mir\/el-proyecto-mir\" class=\"elementor-item\" tabindex=\"-1\">El Proyecto MIR<\/a><\/li>\n<li class=\"menu-item menu-item-type-post_type menu-item-object-page menu-item-64\"><a href=\"https:\/\/culturaenvena.org\/mir\/el-proyecto-mir\/planteamiento-y-objetivos\" class=\"elementor-item\" tabindex=\"-1\">Planteamiento y objetivos<\/a><\/li>\n<li class=\"menu-item menu-item-type-post_type menu-item-object-page menu-item-63\"><a href=\"https:\/\/culturaenvena.org\/mir\/el-proyecto-mir\/metodologia\" class=\"elementor-item\" tabindex=\"-1\">Metodolog\u00eda<\/a><\/li>\n<\/ul>\t\t\t<\/nav>\n\t\t\t\t<\/div>\n\t\t\t\t<\/div>\n\t\t\t\t\t<\/div>\n\t\t<\/div>\n\t\t\t\t<div class=\"elementor-column elementor-col-66 elementor-inner-column elementor-element elementor-element-9af5ec7\" data-id=\"9af5ec7\" data-element_type=\"column\">\n\t\t\t<div class=\"elementor-widget-wrap elementor-element-populated\">\n\t\t\t\t\t\t\t\t<div class=\"elementor-element elementor-element-f89e7c6 elementor-widget elementor-widget-text-editor\" data-id=\"f89e7c6\" data-element_type=\"widget\" data-widget_type=\"text-editor.default\">\n\t\t\t\t<div class=\"elementor-widget-container\">\n\t\t\t<style>\/*! elementor - v3.13.3 - 22-05-2023 *\/\n.elementor-widget-text-editor.elementor-drop-cap-view-stacked .elementor-drop-cap{background-color:#69727d;color:#fff}.elementor-widget-text-editor.elementor-drop-cap-view-framed .elementor-drop-cap{color:#69727d;border:3px solid;background-color:transparent}.elementor-widget-text-editor:not(.elementor-drop-cap-view-default) .elementor-drop-cap{margin-top:8px}.elementor-widget-text-editor:not(.elementor-drop-cap-view-default) .elementor-drop-cap-letter{width:1em;height:1em}.elementor-widget-text-editor .elementor-drop-cap{float:left;text-align:center;line-height:1;font-size:50px}.elementor-widget-text-editor .elementor-drop-cap-letter{display:inline-block}<\/style>\t\t\t\t<p>Tras m\u00e1s de 4 a\u00f1os llevando m\u00fasica en directo a diferentes hospitales, nos dimos cuenta, tanto nosotros como los sanitarios, que ocurr\u00edan unos \u201cefectos secundarios\u201d muy positivos para los pacientes. Nos pregunt\u00e1bamos:<\/p>\n<p>\u00bfEs realmente tan necesaria una partita de Bach en la UCI, una sole\u00e1 en neonatos o un est\u00e1ndar de jazz en neurolog\u00eda?&nbsp;<\/p>\n<p>\u00bfPuede haber una soluci\u00f3n accesible, rentable, transversal y que centre la atenci\u00f3n en las personas para mejorar su salud y bienestar?<\/p>\n<p><span style=\"color: var( --e-global-color-ad2ae9e );\">As\u00ed naci\u00f3 el Proyecto de los M\u00fasicos Internos Residentes,<\/span>&nbsp;<mark>un proyecto que situa la m\u00fasica como elemento beneficioso para la salud, que ofrece evidencia cient\u00edfica y, por supuesto, que crea empleo para los m\u00fasicos<\/mark>.<\/p>\t\t\t\t\t\t<\/div>\n\t\t\t\t<\/div>\n\t\t\t\t\t<\/div>\n\t\t<\/div>\n\t\t\t\t\t\t\t<\/div>\n\t\t<\/section>\n\t\t\t\t\t<\/div>\n\t\t<\/div>\n\t\t\t\t\t\t\t<\/div>\n\t\t<\/section>\n\t\t\t\t\t\t\t<\/div>\n\t\t","protected":false},"excerpt":{"rendered":"<p>2 El proyecto MIR flechadown El Proyecto MIR \u2014M\u00fasicos Internos Residentes\u2014 de Cultura en Vena es un programa con triple impacto social: investigaci\u00f3n, humanizaci\u00f3n sanitaria y generaci\u00f3n de empleo entre j\u00f3venes m\u00fasicos. SECCIONES Tras m\u00e1s de 4 a\u00f1os llevando m\u00fasica en directo a diferentes hospitales, nos dimos cuenta, tanto nosotros como los sanitarios, que ocurr\u00edan [&hellip;]<\/p>\n","protected":false},"author":2,"featured_media":0,"parent":0,"menu_order":0,"comment_status":"closed","ping_status":"closed","template":"elementor_header_footer","meta":{"footnotes":""},"class_list":["post-26","page","type-page","status-publish","hentry"],"_links":{"self":[{"href":"https:\/\/culturaenvena.org\/mir\/wp-json\/wp\/v2\/pages\/26","targetHints":{"allow":["GET"]}}],"collection":[{"href":"https:\/\/culturaenvena.org\/mir\/wp-json\/wp\/v2\/pages"}],"about":[{"href":"https:\/\/culturaenvena.org\/mir\/wp-json\/wp\/v2\/types\/page"}],"author":[{"embeddable":true,"href":"https:\/\/culturaenvena.org\/mir\/wp-json\/wp\/v2\/users\/2"}],"replies":[{"embeddable":true,"href":"https:\/\/culturaenvena.org\/mir\/wp-json\/wp\/v2\/comments?post=26"}],"version-history":[{"count":31,"href":"https:\/\/culturaenvena.org\/mir\/wp-json\/wp\/v2\/pages\/26\/revisions"}],"predecessor-version":[{"id":1013,"href":"https:\/\/culturaenvena.org\/mir\/wp-json\/wp\/v2\/pages\/26\/revisions\/1013"}],"wp:attachment":[{"href":"https:\/\/culturaenvena.org\/mir\/wp-json\/wp\/v2\/media?parent=26"}],"curies":[{"name":"wp","href":"https:\/\/api.w.org\/{rel}","templated":true}]}}