{"id":24,"date":"2022-07-28T08:49:58","date_gmt":"2022-07-28T08:49:58","guid":{"rendered":"https:\/\/culturaenvena.org\/mir\/?page_id=24"},"modified":"2022-10-04T08:33:37","modified_gmt":"2022-10-04T08:33:37","slug":"principios-basicos-y-definiciones","status":"publish","type":"page","link":"https:\/\/culturaenvena.org\/mir\/el-hospital-del-futuro\/principios-basicos-y-definiciones","title":{"rendered":"Principios b\u00e1sicos y definiciones"},"content":{"rendered":"\t\t<div data-elementor-type=\"wp-page\" data-elementor-id=\"24\" class=\"elementor elementor-24\">\n\t\t\t\t\t\t\t\t\t<section class=\"elementor-section elementor-top-section elementor-element elementor-element-f608e52 elementor-section-content-middle elementor-section-boxed elementor-section-height-default elementor-section-height-default\" data-id=\"f608e52\" data-element_type=\"section\" data-settings=\"{&quot;background_background&quot;:&quot;classic&quot;}\">\n\t\t\t\t\t\t<div class=\"elementor-container elementor-column-gap-default\">\n\t\t\t\t\t<div class=\"elementor-column elementor-col-100 elementor-top-column elementor-element elementor-element-e1f4f6f\" data-id=\"e1f4f6f\" data-element_type=\"column\">\n\t\t\t<div class=\"elementor-widget-wrap elementor-element-populated\">\n\t\t\t\t\t\t\t\t<section class=\"elementor-section elementor-inner-section elementor-element elementor-element-23a9126 elementor-section-content-middle elementor-section-boxed elementor-section-height-default elementor-section-height-default\" data-id=\"23a9126\" data-element_type=\"section\">\n\t\t\t\t\t\t<div class=\"elementor-container elementor-column-gap-default\">\n\t\t\t\t\t<div class=\"elementor-column elementor-col-33 elementor-inner-column elementor-element elementor-element-879ef48\" data-id=\"879ef48\" data-element_type=\"column\" data-settings=\"{&quot;background_background&quot;:&quot;classic&quot;}\">\n\t\t\t<div class=\"elementor-widget-wrap elementor-element-populated\">\n\t\t\t\t\t\t\t\t<div class=\"elementor-element elementor-element-067ee74 elementor-widget elementor-widget-heading\" data-id=\"067ee74\" data-element_type=\"widget\" data-widget_type=\"heading.default\">\n\t\t\t\t<div class=\"elementor-widget-container\">\n\t\t\t<style>\/*! elementor - v3.13.3 - 22-05-2023 *\/\n.elementor-heading-title{padding:0;margin:0;line-height:1}.elementor-widget-heading .elementor-heading-title[class*=elementor-size-]>a{color:inherit;font-size:inherit;line-height:inherit}.elementor-widget-heading .elementor-heading-title.elementor-size-small{font-size:15px}.elementor-widget-heading .elementor-heading-title.elementor-size-medium{font-size:19px}.elementor-widget-heading .elementor-heading-title.elementor-size-large{font-size:29px}.elementor-widget-heading .elementor-heading-title.elementor-size-xl{font-size:39px}.elementor-widget-heading .elementor-heading-title.elementor-size-xxl{font-size:59px}<\/style><h2 class=\"elementor-heading-title elementor-size-default\">1<\/h2>\t\t<\/div>\n\t\t\t\t<\/div>\n\t\t\t\t\t<\/div>\n\t\t<\/div>\n\t\t\t\t<div class=\"elementor-column elementor-col-66 elementor-inner-column elementor-element elementor-element-ee0262d\" data-id=\"ee0262d\" data-element_type=\"column\" data-settings=\"{&quot;background_background&quot;:&quot;classic&quot;}\">\n\t\t\t<div class=\"elementor-widget-wrap elementor-element-populated\">\n\t\t\t\t\t\t\t\t<div class=\"elementor-element elementor-element-e177781 elementor-widget__width-auto titulopagina elementor-widget elementor-widget-heading\" data-id=\"e177781\" data-element_type=\"widget\" data-widget_type=\"heading.default\">\n\t\t\t\t<div class=\"elementor-widget-container\">\n\t\t\t<h1 class=\"elementor-heading-title elementor-size-default\">El hospital del futuro<\/h1>\t\t<\/div>\n\t\t\t\t<\/div>\n\t\t\t\t\t<\/div>\n\t\t<\/div>\n\t\t\t\t\t\t\t<\/div>\n\t\t<\/section>\n\t\t\t\t\t<\/div>\n\t\t<\/div>\n\t\t\t\t\t\t\t<\/div>\n\t\t<\/section>\n\t\t\t\t<section class=\"elementor-section elementor-top-section elementor-element elementor-element-12368a1 elementor-section-boxed elementor-section-height-default elementor-section-height-default\" data-id=\"12368a1\" data-element_type=\"section\">\n\t\t\t\t\t\t<div class=\"elementor-container elementor-column-gap-default\">\n\t\t\t\t\t<div class=\"elementor-column elementor-col-100 elementor-top-column elementor-element elementor-element-855f8ad\" data-id=\"855f8ad\" data-element_type=\"column\">\n\t\t\t<div class=\"elementor-widget-wrap elementor-element-populated\">\n\t\t\t\t\t\t\t\t<section class=\"elementor-section elementor-inner-section elementor-element elementor-element-8c42e63 elementor-section-boxed elementor-section-height-default elementor-section-height-default\" data-id=\"8c42e63\" data-element_type=\"section\">\n\t\t\t\t\t\t<div class=\"elementor-container elementor-column-gap-default\">\n\t\t\t\t\t<div class=\"elementor-column elementor-col-33 elementor-inner-column elementor-element elementor-element-4593a49\" data-id=\"4593a49\" data-element_type=\"column\">\n\t\t\t<div class=\"elementor-widget-wrap elementor-element-populated\">\n\t\t\t\t\t\t\t\t<div class=\"elementor-element elementor-element-a060a6d elementor-widget elementor-widget-heading\" data-id=\"a060a6d\" data-element_type=\"widget\" data-widget_type=\"heading.default\">\n\t\t\t\t<div class=\"elementor-widget-container\">\n\t\t\t<h2 class=\"elementor-heading-title elementor-size-default\"><mark>SECCIONES<\/mark><\/h2>\t\t<\/div>\n\t\t\t\t<\/div>\n\t\t\t\t<div class=\"elementor-element elementor-element-953e4ee elementor-nav-menu--dropdown-none menusidebar elementor-nav-menu__align-left elementor-widget elementor-widget-nav-menu\" data-id=\"953e4ee\" data-element_type=\"widget\" data-settings=\"{&quot;layout&quot;:&quot;vertical&quot;,&quot;submenu_icon&quot;:{&quot;value&quot;:&quot;&lt;i class=\\&quot;fas fa-caret-down\\&quot;&gt;&lt;\\\/i&gt;&quot;,&quot;library&quot;:&quot;fa-solid&quot;}}\" data-widget_type=\"nav-menu.default\">\n\t\t\t\t<div class=\"elementor-widget-container\">\n\t\t\t<link rel=\"stylesheet\" href=\"https:\/\/culturaenvena.org\/mir\/wp-content\/plugins\/elementor-pro\/assets\/css\/widget-nav-menu.min.css\">\t\t\t<nav migration_allowed=\"1\" migrated=\"0\" class=\"elementor-nav-menu--main elementor-nav-menu__container elementor-nav-menu--layout-vertical e--pointer-none\">\n\t\t\t\t<ul id=\"menu-1-953e4ee\" class=\"elementor-nav-menu sm-vertical\"><li class=\"menu-item menu-item-type-post_type menu-item-object-page menu-item-56\"><a href=\"https:\/\/culturaenvena.org\/mir\/el-hospital-del-futuro\" class=\"elementor-item\">El hospital del futuro<\/a><\/li>\n<li class=\"menu-item menu-item-type-post_type menu-item-object-page menu-item-57\"><a href=\"https:\/\/culturaenvena.org\/mir\/el-hospital-del-futuro\/estado-del-arte\" class=\"elementor-item\">Estado del Arte<\/a><\/li>\n<li class=\"menu-item menu-item-type-post_type menu-item-object-page menu-item-58\"><a href=\"https:\/\/culturaenvena.org\/mir\/el-hospital-del-futuro\/musica-y-salud-a-lo-largo-de-la-historia\" class=\"elementor-item\">M\u00fasica y salud a lo largo de la historia<\/a><\/li>\n<li class=\"menu-item menu-item-type-post_type menu-item-object-page menu-item-60\"><a href=\"https:\/\/culturaenvena.org\/mir\/el-hospital-del-futuro\/retos-actuales\" class=\"elementor-item\">Retos actuales<\/a><\/li>\n<li class=\"menu-item menu-item-type-post_type menu-item-object-page menu-item-59\"><a href=\"https:\/\/culturaenvena.org\/mir\/el-hospital-del-futuro\/principios-basicos-y-definiciones\" class=\"elementor-item\">Principios b\u00e1sicos y definiciones<\/a><\/li>\n<\/ul>\t\t\t<\/nav>\n\t\t\t\t\t<div class=\"elementor-menu-toggle\" role=\"button\" tabindex=\"0\" aria-label=\"Alternar men\u00fa\" aria-expanded=\"false\">\n\t\t\t<i aria-hidden=\"true\" role=\"presentation\" class=\"elementor-menu-toggle__icon--open eicon-menu-bar\"><\/i><i aria-hidden=\"true\" role=\"presentation\" class=\"elementor-menu-toggle__icon--close eicon-close\"><\/i>\t\t\t<span class=\"elementor-screen-only\">Men\u00fa<\/span>\n\t\t<\/div>\n\t\t\t<nav class=\"elementor-nav-menu--dropdown elementor-nav-menu__container\" aria-hidden=\"true\">\n\t\t\t\t<ul id=\"menu-2-953e4ee\" class=\"elementor-nav-menu sm-vertical\"><li class=\"menu-item menu-item-type-post_type menu-item-object-page menu-item-56\"><a href=\"https:\/\/culturaenvena.org\/mir\/el-hospital-del-futuro\" class=\"elementor-item\" tabindex=\"-1\">El hospital del futuro<\/a><\/li>\n<li class=\"menu-item menu-item-type-post_type menu-item-object-page menu-item-57\"><a href=\"https:\/\/culturaenvena.org\/mir\/el-hospital-del-futuro\/estado-del-arte\" class=\"elementor-item\" tabindex=\"-1\">Estado del Arte<\/a><\/li>\n<li class=\"menu-item menu-item-type-post_type menu-item-object-page menu-item-58\"><a href=\"https:\/\/culturaenvena.org\/mir\/el-hospital-del-futuro\/musica-y-salud-a-lo-largo-de-la-historia\" class=\"elementor-item\" tabindex=\"-1\">M\u00fasica y salud a lo largo de la historia<\/a><\/li>\n<li class=\"menu-item menu-item-type-post_type menu-item-object-page menu-item-60\"><a href=\"https:\/\/culturaenvena.org\/mir\/el-hospital-del-futuro\/retos-actuales\" class=\"elementor-item\" tabindex=\"-1\">Retos actuales<\/a><\/li>\n<li class=\"menu-item menu-item-type-post_type menu-item-object-page menu-item-59\"><a href=\"https:\/\/culturaenvena.org\/mir\/el-hospital-del-futuro\/principios-basicos-y-definiciones\" class=\"elementor-item\" tabindex=\"-1\">Principios b\u00e1sicos y definiciones<\/a><\/li>\n<\/ul>\t\t\t<\/nav>\n\t\t\t\t<\/div>\n\t\t\t\t<\/div>\n\t\t\t\t\t<\/div>\n\t\t<\/div>\n\t\t\t\t<div class=\"elementor-column elementor-col-66 elementor-inner-column elementor-element elementor-element-e11baba\" data-id=\"e11baba\" data-element_type=\"column\">\n\t\t\t<div class=\"elementor-widget-wrap elementor-element-populated\">\n\t\t\t\t\t\t\t\t<div class=\"elementor-element elementor-element-bd43d59 elementor-widget__width-auto elementor-widget elementor-widget-heading\" data-id=\"bd43d59\" data-element_type=\"widget\" data-widget_type=\"heading.default\">\n\t\t\t\t<div class=\"elementor-widget-container\">\n\t\t\t<h2 class=\"elementor-heading-title elementor-size-default\">Principios b\u00e1sicos y definiciones<\/h2>\t\t<\/div>\n\t\t\t\t<\/div>\n\t\t\t\t<div class=\"elementor-element elementor-element-ceba372 elementor-widget elementor-widget-text-editor\" data-id=\"ceba372\" data-element_type=\"widget\" data-widget_type=\"text-editor.default\">\n\t\t\t\t<div class=\"elementor-widget-container\">\n\t\t\t<style>\/*! elementor - v3.13.3 - 22-05-2023 *\/\n.elementor-widget-text-editor.elementor-drop-cap-view-stacked .elementor-drop-cap{background-color:#69727d;color:#fff}.elementor-widget-text-editor.elementor-drop-cap-view-framed .elementor-drop-cap{color:#69727d;border:3px solid;background-color:transparent}.elementor-widget-text-editor:not(.elementor-drop-cap-view-default) .elementor-drop-cap{margin-top:8px}.elementor-widget-text-editor:not(.elementor-drop-cap-view-default) .elementor-drop-cap-letter{width:1em;height:1em}.elementor-widget-text-editor .elementor-drop-cap{float:left;text-align:center;line-height:1;font-size:50px}.elementor-widget-text-editor .elementor-drop-cap-letter{display:inline-block}<\/style>\t\t\t\t<p><span style=\"text-decoration: underline;\"><strong>Principios b\u00e1sicos y definiciones<\/strong><\/span><\/p><p>Al explorar la relaci\u00f3n entre m\u00fasica y salud es necesario aclarar el punto de partida: la definici\u00f3n de qu\u00e9 entendemos por salud, desde qu\u00e9 aproximaci\u00f3n entendemos la m\u00fasica en este contexto y a qu\u00e9 nos referimos cuando hablamos de bienestar.<\/p><p><mark><strong>SALUD<\/strong><\/mark><\/p><p>Seg\u00fan la definici\u00f3n que estableci\u00f3 la Organizaci\u00f3n Mundial de la Salud en 1948: \u00abLa salud es un estado de completo bienestar f\u00edsico, mental y social, y no solamente la ausencia de afecciones o enfermedades\u00bb.<\/p><p><mark>Desde Cultura en Vena compartimos esta visi\u00f3n hol\u00edstica de la salud, que incluye la vertiente psicosocial impregnando todos los \u00e1mbitos de la vida.<\/mark> Hasta ahora la medicina quiz\u00e1 ha estado demasiado centrada en la medicina farmacol\u00f3gica y en las tecnolog\u00edas \u2014por supuesto tan necesarias para salvar vidas\u2014 pero dejando en un segundo plano todo lo que el arte y la cultura nos pueden ofrecer. La asistencia sanitaria estar\u00e1 incompleta si no invertimos esfuerzos y recursos tambi\u00e9n en ese otro plato de la balanza: es necesario un soporte complementario que nutra esas carencias del sistema. La cultura puede suponer un bistur\u00ed emocional excelente para completarlas, y las pr\u00e1cticas art\u00edsticas en entornos sanitarios, un tratamiento coadyuvante a los tratamientos convencionales.<\/p><p>Cuando se habla de c\u00f3mo la m\u00fasica afecta al ser humano en la salud, el mecanismo fisiol\u00f3gico por el que esta ejerce su beneficio es directamente a trav\u00e9s del sistema nervioso central, as\u00ed lo describen numerosas referencias cient\u00edficas<sup>22<\/sup>.<\/p><p><mark><strong>MUSICOTERAPIA<\/strong><\/mark><\/p><p>Se define como \u00abel uso profesional de m\u00fasica y sus elementos (sonido, ritmo, melod\u00eda, armon\u00eda) como una intervenci\u00f3n en ambientes m\u00e9dicos, educativos y cotidianos con individuos, grupos, familias o comunidades buscando optimizar su calidad de vida, y mejorar su salud f\u00edsico, social, comunicativo, emocional e intelectual y su bienestar. La investigaci\u00f3n, la pr\u00e1ctica, la educaci\u00f3n y la instrucci\u00f3n cl\u00ednica en la musicoterapia se basan en est\u00e1ndares profesionales seg\u00fan contextos culturales, sociales y pol\u00edticos\u00bb, seg\u00fan la <a href=\"http:\/\/feamt.es\/que-es-la-musicoterapia\/\">Federaci\u00f3n <u>Mundial de<\/u><\/a> <a href=\"http:\/\/feamt.es\/que-es-la-musicoterapia\/\">Musicoterapia (2011)<\/a>. En ocasiones se confunde la musicoterapia con la educaci\u00f3n musical, lo que ser\u00eda equivalente a confundir a un musicoterapeuta con un profesor de m\u00fasica. En la musicoterapia los objetivos son individuales y particulares, con un fin terap\u00e9utico, mientras que, en la educaci\u00f3n musical, la m\u00fasica es un fin en s\u00ed mismo.<\/p><p>Aunque el Proyecto MIR comparte muchos de los objetivos de la musicoterapia y, como esta, tambi\u00e9n se nutre de los beneficios de la m\u00fasica como herramienta terap\u00e9utica, los procesos y recursos no son los mismos. En resumen, <mark>el Proyecto MIR no emplea la musicoterapia<\/mark> puesto que no est\u00e1 realizado por musicoterapeutas, sino que pretende probar la potencia terap\u00e9utica de la m\u00fasica en directo a cargo de m\u00fasicos profesionales.<\/p>\t\t\t\t\t\t<\/div>\n\t\t\t\t<\/div>\n\t\t\t\t\t<\/div>\n\t\t<\/div>\n\t\t\t\t\t\t\t<\/div>\n\t\t<\/section>\n\t\t\t\t\t<\/div>\n\t\t<\/div>\n\t\t\t\t\t\t\t<\/div>\n\t\t<\/section>\n\t\t\t\t<section class=\"elementor-section elementor-top-section elementor-element elementor-element-36125d7 elementor-section-boxed elementor-section-height-default elementor-section-height-default\" data-id=\"36125d7\" data-element_type=\"section\">\n\t\t\t\t\t\t<div class=\"elementor-container elementor-column-gap-default\">\n\t\t\t\t\t<div class=\"elementor-column elementor-col-100 elementor-top-column elementor-element elementor-element-7081360\" data-id=\"7081360\" data-element_type=\"column\">\n\t\t\t<div class=\"elementor-widget-wrap elementor-element-populated\">\n\t\t\t\t\t\t\t\t<section class=\"elementor-section elementor-inner-section elementor-element elementor-element-be6059f elementor-section-boxed elementor-section-height-default elementor-section-height-default\" data-id=\"be6059f\" data-element_type=\"section\" data-settings=\"{&quot;background_background&quot;:&quot;classic&quot;}\">\n\t\t\t\t\t\t<div class=\"elementor-container elementor-column-gap-default\">\n\t\t\t\t\t<div class=\"elementor-column elementor-col-100 elementor-inner-column elementor-element elementor-element-981ac4a\" data-id=\"981ac4a\" data-element_type=\"column\">\n\t\t\t<div class=\"elementor-widget-wrap elementor-element-populated\">\n\t\t\t\t\t\t\t\t<div class=\"elementor-element elementor-element-4c2d9ad elementor-widget elementor-widget-heading\" data-id=\"4c2d9ad\" data-element_type=\"widget\" data-widget_type=\"heading.default\">\n\t\t\t\t<div class=\"elementor-widget-container\">\n\t\t\t<h2 class=\"elementor-heading-title elementor-size-default\">\u00abLa salud es un estado de completo bienestar f\u00edsico, mental y social, y no solamente la ausencia de afecciones o enfermedades\u00bb <\/h2>\t\t<\/div>\n\t\t\t\t<\/div>\n\t\t\t\t<div class=\"elementor-element elementor-element-345443c elementor-widget elementor-widget-heading\" data-id=\"345443c\" data-element_type=\"widget\" data-widget_type=\"heading.default\">\n\t\t\t\t<div class=\"elementor-widget-container\">\n\t\t\t<h2 class=\"elementor-heading-title elementor-size-default\">Organizaci\u00f3n Mundial de la Salud, 1948<\/h2>\t\t<\/div>\n\t\t\t\t<\/div>\n\t\t\t\t\t<\/div>\n\t\t<\/div>\n\t\t\t\t\t\t\t<\/div>\n\t\t<\/section>\n\t\t\t\t\t<\/div>\n\t\t<\/div>\n\t\t\t\t\t\t\t<\/div>\n\t\t<\/section>\n\t\t\t\t<section class=\"elementor-section elementor-top-section elementor-element elementor-element-cfbfd61 elementor-section-boxed elementor-section-height-default elementor-section-height-default\" data-id=\"cfbfd61\" data-element_type=\"section\">\n\t\t\t\t\t\t<div class=\"elementor-container elementor-column-gap-default\">\n\t\t\t\t\t<div class=\"elementor-column elementor-col-100 elementor-top-column elementor-element elementor-element-14b7185\" data-id=\"14b7185\" data-element_type=\"column\">\n\t\t\t<div class=\"elementor-widget-wrap elementor-element-populated\">\n\t\t\t\t\t\t\t\t<section class=\"elementor-section elementor-inner-section elementor-element elementor-element-993d168 elementor-section-boxed elementor-section-height-default elementor-section-height-default\" data-id=\"993d168\" data-element_type=\"section\">\n\t\t\t\t\t\t<div class=\"elementor-container elementor-column-gap-default\">\n\t\t\t\t\t<div class=\"elementor-column elementor-col-33 elementor-inner-column elementor-element elementor-element-2381855\" data-id=\"2381855\" data-element_type=\"column\">\n\t\t\t<div class=\"elementor-widget-wrap\">\n\t\t\t\t\t\t\t\t\t<\/div>\n\t\t<\/div>\n\t\t\t\t<div class=\"elementor-column elementor-col-66 elementor-inner-column elementor-element elementor-element-88b8699\" data-id=\"88b8699\" data-element_type=\"column\">\n\t\t\t<div class=\"elementor-widget-wrap elementor-element-populated\">\n\t\t\t\t\t\t\t\t<div class=\"elementor-element elementor-element-0e47d7c elementor-widget elementor-widget-text-editor\" data-id=\"0e47d7c\" data-element_type=\"widget\" data-widget_type=\"text-editor.default\">\n\t\t\t\t<div class=\"elementor-widget-container\">\n\t\t\t\t\t\t\t<p><mark><strong>EDUCACI\u00d3N MUSICAL<\/strong><\/mark><\/p><p>A cargo de un\/a profesor\/a, la educaci\u00f3n musical se propone capacitar a su alumnado para el desarrollo de sus capacidades musicales. La educaci\u00f3n musical tiene unos contenidos que pueden recogerse en un curr\u00edculo, y aspira a unos objetivos art\u00edsticos universales basados en la belleza de la m\u00fasica en s\u00ed misma, en el arte de la m\u00fasica.<\/p><p><mark><strong>INTERVENCIONES BASADAS EN LA M\u00daSICA<\/strong><\/mark><\/p><p>Se refiere a todos los protocolos experimentales que usan la m\u00fasica en diferentes formas para poder estudiar sus efectos terap\u00e9uticos. Existen diferentes tipos de intervenciones musicales que se pueden llevar a cabo con el paciente y que se clasifican bajo diferentes t\u00e9rminos<sup>23<\/sup>. Algunos de ellos son:<\/p><p><strong>M\u00fasica m\u00e9dica: <\/strong>Intervenciones basadas en m\u00fasica realizadas por un profesional sanitario, buscando el tener un fin de promoci\u00f3n de la salud, pero sin existir en ocasiones de manera definida este mismo ni tampoco una interacci\u00f3n rec\u00edproca como sucede en la musicoterapia.<\/p><p><strong>Estimulaci\u00f3n r\u00edtmica auditiva: <\/strong>T\u00e9cnica de terapia con m\u00fasica que se basa en la rehabilitaci\u00f3n de movimientos que son de cadencia r\u00edtmica naturalmente, como la deambulaci\u00f3n, de manera que una serie de est\u00edmulos auditivos r\u00edtmicos son la base para acompasar y sincronizar esos movimientos a rehabilitar.<\/p><p><strong>Terapia f<\/strong><strong>\u00edsica basada en m\u00fasica (producci\u00f3<\/strong><strong>n musical): <\/strong>Consiste en una variante de terapia f\u00edsica en la que los pacientes con alg\u00fan d\u00e9ficit motor trabajan la recuperaci\u00f3n de esos d\u00e9ficits por medio de la interpretaci\u00f3n y uso de alg\u00fan instrumento musical.<\/p><p><strong>Terapia de entonaci\u00f3n mel\u00f3dica (MIT): <\/strong>Es una t\u00e9cnica de intervenci\u00f3n en pacientes con afasia no fluente en la que se asigna a s\u00edlabas una entonaci\u00f3n concreta, de manera que comenzando por dos s\u00edlabas hasta llegar a frases, con una entonaci\u00f3n lenta y concreta de inicio, se busca el recuperar la fluencia y los bloqueos del lenguaje del paciente afecto por un trastorno cortical del lenguaje (ictus, procesos neuroquir\u00fargicos, trastornos neurodegenerativos con afasia&#8230;)<\/p><p><strong>Intervenciones musicales en hospitales: <\/strong>Se trata de interpretaciones de m\u00fasica en directo en un entorno hospitalario, ofrecidas por un m\u00fasico profesional.<\/p><p><mark><strong>M\u00daSICO INTERNO RESIDENTE<\/strong><\/mark><\/p><p>El MIR (M\u00fasico Interno Residente) es un m\u00fasico profesional de alto nivel integrado perfectamente en la plantilla del hospital para realizar intervenciones musicales a pie de cama. Sus microconciertos se dirigen a pacientes concretos, que re\u00fanen los criterios marcados por cada servicio hospitalario y son susceptibles de mejorar su bienestar gracias a la m\u00fasica en directo. El MIR debe reunir unas cualidades espec\u00edficas, tanto art\u00edsticas como personales.<\/p>\t\t\t\t\t\t<\/div>\n\t\t\t\t<\/div>\n\t\t\t\t\t<\/div>\n\t\t<\/div>\n\t\t\t\t\t\t\t<\/div>\n\t\t<\/section>\n\t\t\t\t\t<\/div>\n\t\t<\/div>\n\t\t\t\t\t\t\t<\/div>\n\t\t<\/section>\n\t\t\t\t\t\t\t<\/div>\n\t\t","protected":false},"excerpt":{"rendered":"<p>1 El hospital del futuro SECCIONES Principios b\u00e1sicos y definiciones Al explorar la relaci\u00f3n entre m\u00fasica y salud es necesario aclarar el punto de partida: la definici\u00f3n de qu\u00e9 entendemos por salud, desde qu\u00e9 aproximaci\u00f3n entendemos la m\u00fasica en este contexto y a qu\u00e9 nos referimos cuando hablamos de bienestar. SALUD Seg\u00fan la definici\u00f3n que [&hellip;]<\/p>\n","protected":false},"author":2,"featured_media":0,"parent":16,"menu_order":0,"comment_status":"closed","ping_status":"closed","template":"elementor_header_footer","meta":{"footnotes":""},"class_list":["post-24","page","type-page","status-publish","hentry"],"_links":{"self":[{"href":"https:\/\/culturaenvena.org\/mir\/wp-json\/wp\/v2\/pages\/24","targetHints":{"allow":["GET"]}}],"collection":[{"href":"https:\/\/culturaenvena.org\/mir\/wp-json\/wp\/v2\/pages"}],"about":[{"href":"https:\/\/culturaenvena.org\/mir\/wp-json\/wp\/v2\/types\/page"}],"author":[{"embeddable":true,"href":"https:\/\/culturaenvena.org\/mir\/wp-json\/wp\/v2\/users\/2"}],"replies":[{"embeddable":true,"href":"https:\/\/culturaenvena.org\/mir\/wp-json\/wp\/v2\/comments?post=24"}],"version-history":[{"count":4,"href":"https:\/\/culturaenvena.org\/mir\/wp-json\/wp\/v2\/pages\/24\/revisions"}],"predecessor-version":[{"id":661,"href":"https:\/\/culturaenvena.org\/mir\/wp-json\/wp\/v2\/pages\/24\/revisions\/661"}],"up":[{"embeddable":true,"href":"https:\/\/culturaenvena.org\/mir\/wp-json\/wp\/v2\/pages\/16"}],"wp:attachment":[{"href":"https:\/\/culturaenvena.org\/mir\/wp-json\/wp\/v2\/media?parent=24"}],"curies":[{"name":"wp","href":"https:\/\/api.w.org\/{rel}","templated":true}]}}